{"id":24142,"date":"2020-10-05T11:39:22","date_gmt":"2020-10-05T08:39:22","guid":{"rendered":"https:\/\/www.radiomarket.fi\/tuote\/ekua2584-hitachi-level-matic-trq-520\/"},"modified":"2020-10-05T11:39:22","modified_gmt":"2020-10-05T08:39:22","slug":"ekua2584-hitachi-level-matic-trq-520","status":"publish","type":"product","link":"https:\/\/www.radiomarket.fi\/en\/kohde\/ekua2584-hitachi-level-matic-trq-520\/","title":{"rendered":"EKUA2584 Hitachi Level Matic TRQ-520"},"content":{"rendered":"Kantohihnaa puuttuu p\u00e4tk\u00e4, pohjakannen lukko puuttuu","protected":false},"excerpt":{"rendered":"<p>Kantohihnaa puuttuu p\u00e4tk\u00e4, pohjakannen lukko puuttuu<\/p>","protected":false},"featured_media":4979,"template":"","meta":[],"_links":{"self":[{"href":"https:\/\/www.radiomarket.fi\/en\/wp-json\/wp\/v2\/product\/24142"}],"collection":[{"href":"https:\/\/www.radiomarket.fi\/en\/wp-json\/wp\/v2\/product"}],"about":[{"href":"https:\/\/www.radiomarket.fi\/en\/wp-json\/wp\/v2\/types\/product"}],"wp:featuredmedia":[{"embeddable":true,"href":"https:\/\/www.radiomarket.fi\/en\/wp-json\/wp\/v2\/media\/4979"}],"wp:attachment":[{"href":"https:\/\/www.radiomarket.fi\/en\/wp-json\/wp\/v2\/media?parent=24142"}],"curies":[{"name":"wp","href":"https:\/\/api.w.org\/{rel}","templated":true}]}}