{"id":24144,"date":"2020-10-05T11:39:24","date_gmt":"2020-10-05T08:39:24","guid":{"rendered":"https:\/\/www.radiomarket.fi\/tuote\/ekua2578-aiwa-tp-721\/"},"modified":"2021-04-21T01:22:00","modified_gmt":"2021-04-20T22:22:00","slug":"ekua2578-aiwa-tp-721","status":"publish","type":"product","link":"https:\/\/www.radiomarket.fi\/en\/kohde\/ekua2578-aiwa-tp-721\/","title":{"rendered":"EKUA2578 Aiwa TP-721"},"content":{"rendered":"<p>1960-luvun loppupuolen kelanauhuri. Kokonainen, vaahtomuovipehmuste puuttuu. \u00c4\u00e4nip\u00e4\u00e4suojus rikki, mutta mukana, palat tallella ja liimattavissa. Ei verkkojohtoa, mutta paristok\u00e4ytt\u00f6mahdollisuus. Paristoilla testattaessa py\u00f6ritt\u00e4\u00e4 ja kelaa varsin ripe\u00e4sti. Laitteen koek\u00e4ytt\u00e4neen henkil\u00f6n mukaan vetohihna saattaa olla kuitenkin vaihdon tarpeessa, eik\u00e4 \u00e4\u00e4nitystoimintoa saatu toimimaan koek\u00e4ytett\u00e4ess\u00e4. Toistaa asiallisesti normaalilla \u00e4\u00e4nenvoimakkuudella k\u00e4ytett\u00e4ess\u00e4, mutta \u00e4\u00e4nenvoimakkuutta nostettaessa esiintynyt vinkumista. Kuvassa n\u00e4kyv\u00e4 tyhj\u00e4 kela ei sis\u00e4lly tuotteeseen.<\/p>","protected":false},"excerpt":{"rendered":"<p>1960-luvun loppupuolen kelanauhuri. Kokonainen, vaahtomuovipehmuste puuttuu. \u00c4\u00e4nip\u00e4\u00e4suojus rikki, mutta mukana, palat tallella ja liimattavissa. Ei verkkojohtoa, mutta paristok\u00e4ytt\u00f6mahdollisuus. Paristoilla testattaessa py\u00f6ritt\u00e4\u00e4 ja kelaa varsin ripe\u00e4sti. Laitteen koek\u00e4ytt\u00e4neen henkil\u00f6n mukaan vetohihna saattaa olla kuitenkin vaihdon tarpeessa, eik\u00e4 \u00e4\u00e4nitystoimintoa saatu toimimaan koek\u00e4ytett\u00e4ess\u00e4. Toistaa asiallisesti normaalilla \u00e4\u00e4nenvoimakkuudella k\u00e4ytett\u00e4ess\u00e4, mutta \u00e4\u00e4nenvoimakkuutta nostettaessa esiintynyt vinkumista. Kuvassa n\u00e4kyv\u00e4 tyhj\u00e4 kela ei &hellip;<\/p>\n<p class=\"read-more\"> <a class=\"thunk-readmore button\" href=\"https:\/\/www.radiomarket.fi\/en\/kohde\/ekua2578-aiwa-tp-721\/\"> <span class=\"screen-reader-text\">EKUA2578 Aiwa TP-721<\/span>Read More<\/a><\/p>","protected":false},"featured_media":4956,"template":"","meta":[],"_links":{"self":[{"href":"https:\/\/www.radiomarket.fi\/en\/wp-json\/wp\/v2\/product\/24144"}],"collection":[{"href":"https:\/\/www.radiomarket.fi\/en\/wp-json\/wp\/v2\/product"}],"about":[{"href":"https:\/\/www.radiomarket.fi\/en\/wp-json\/wp\/v2\/types\/product"}],"wp:featuredmedia":[{"embeddable":true,"href":"https:\/\/www.radiomarket.fi\/en\/wp-json\/wp\/v2\/media\/4956"}],"wp:attachment":[{"href":"https:\/\/www.radiomarket.fi\/en\/wp-json\/wp\/v2\/media?parent=24144"}],"curies":[{"name":"wp","href":"https:\/\/api.w.org\/{rel}","templated":true}]}}