{"id":24153,"date":"2020-10-05T11:39:29","date_gmt":"2020-10-05T08:39:29","guid":{"rendered":"https:\/\/www.radiomarket.fi\/tuote\/ekua2567-philips-rl311\/"},"modified":"2020-10-05T11:39:29","modified_gmt":"2020-10-05T08:39:29","slug":"ekua2567-philips-rl311","status":"publish","type":"product","link":"https:\/\/www.radiomarket.fi\/en\/kohde\/ekua2567-philips-rl311\/","title":{"rendered":"EKUA2567 Philips RL311"},"content":{"rendered":"Liukus\u00e4\u00e4timien kohdalla kulumaa, nuppivika","protected":false},"excerpt":{"rendered":"<p>Liukus\u00e4\u00e4timien kohdalla kulumaa, nuppivika<\/p>","protected":false},"featured_media":4916,"template":"","meta":[],"_links":{"self":[{"href":"https:\/\/www.radiomarket.fi\/en\/wp-json\/wp\/v2\/product\/24153"}],"collection":[{"href":"https:\/\/www.radiomarket.fi\/en\/wp-json\/wp\/v2\/product"}],"about":[{"href":"https:\/\/www.radiomarket.fi\/en\/wp-json\/wp\/v2\/types\/product"}],"wp:featuredmedia":[{"embeddable":true,"href":"https:\/\/www.radiomarket.fi\/en\/wp-json\/wp\/v2\/media\/4916"}],"wp:attachment":[{"href":"https:\/\/www.radiomarket.fi\/en\/wp-json\/wp\/v2\/media?parent=24153"}],"curies":[{"name":"wp","href":"https:\/\/api.w.org\/{rel}","templated":true}]}}