{"id":24228,"date":"2020-10-05T11:40:11","date_gmt":"2020-10-05T08:40:11","guid":{"rendered":"https:\/\/www.radiomarket.fi\/tuote\/ekua2440-asa-569\/"},"modified":"2020-10-05T11:40:11","modified_gmt":"2020-10-05T08:40:11","slug":"ekua2440-asa-569","status":"publish","type":"product","link":"https:\/\/www.radiomarket.fi\/en\/kohde\/ekua2440-asa-569\/","title":{"rendered":"EKUA2440 Asa 569"},"content":{"rendered":"Uusi lakkaus, hieman alkuper\u00e4ist\u00e4 punertavampi, t\u00e4ydellinen.","protected":false},"excerpt":{"rendered":"<p>Uusi lakkaus, hieman alkuper\u00e4ist\u00e4 punertavampi, t\u00e4ydellinen.<\/p>","protected":false},"featured_media":4452,"template":"","meta":[],"_links":{"self":[{"href":"https:\/\/www.radiomarket.fi\/en\/wp-json\/wp\/v2\/product\/24228"}],"collection":[{"href":"https:\/\/www.radiomarket.fi\/en\/wp-json\/wp\/v2\/product"}],"about":[{"href":"https:\/\/www.radiomarket.fi\/en\/wp-json\/wp\/v2\/types\/product"}],"wp:featuredmedia":[{"embeddable":true,"href":"https:\/\/www.radiomarket.fi\/en\/wp-json\/wp\/v2\/media\/4452"}],"wp:attachment":[{"href":"https:\/\/www.radiomarket.fi\/en\/wp-json\/wp\/v2\/media?parent=24228"}],"curies":[{"name":"wp","href":"https:\/\/api.w.org\/{rel}","templated":true}]}}