{"id":24241,"date":"2020-10-05T11:40:18","date_gmt":"2020-10-05T08:40:18","guid":{"rendered":"https:\/\/www.radiomarket.fi\/tuote\/ekua2425-tandberg-series-15-two-track\/"},"modified":"2021-09-13T16:29:58","modified_gmt":"2021-09-13T13:29:58","slug":"ekua2425-tandberg-series-15-two-track","status":"publish","type":"product","link":"https:\/\/www.radiomarket.fi\/en\/kohde\/ekua2425-tandberg-series-15-two-track\/","title":{"rendered":"EKUA2425 Tandberg Series 15 two track (EKUS)"},"content":{"rendered":"<p>N\u00e4ytt\u00e4\u00e4 t\u00e4ydelliselt\u00e4, ei kulumia k\u00e4ytt\u00f6kytkimiss\u00e4, kulumia laukun kulmissa<\/p>","protected":false},"excerpt":{"rendered":"<p>N\u00e4ytt\u00e4\u00e4 t\u00e4ydelliselt\u00e4, ei kulumia k\u00e4ytt\u00f6kytkimiss\u00e4, kulumia laukun kulmissa<\/p>","protected":false},"featured_media":4411,"template":"","meta":[],"_links":{"self":[{"href":"https:\/\/www.radiomarket.fi\/en\/wp-json\/wp\/v2\/product\/24241"}],"collection":[{"href":"https:\/\/www.radiomarket.fi\/en\/wp-json\/wp\/v2\/product"}],"about":[{"href":"https:\/\/www.radiomarket.fi\/en\/wp-json\/wp\/v2\/types\/product"}],"wp:featuredmedia":[{"embeddable":true,"href":"https:\/\/www.radiomarket.fi\/en\/wp-json\/wp\/v2\/media\/4411"}],"wp:attachment":[{"href":"https:\/\/www.radiomarket.fi\/en\/wp-json\/wp\/v2\/media?parent=24241"}],"curies":[{"name":"wp","href":"https:\/\/api.w.org\/{rel}","templated":true}]}}