{"id":24251,"date":"2023-09-26T11:40:23","date_gmt":"2023-09-26T08:40:23","guid":{"rendered":"https:\/\/www.radiomarket.fi\/tuote\/ekua2411-hea-home-trixi\/"},"modified":"2023-09-26T16:09:23","modified_gmt":"2023-09-26T13:09:23","slug":"ekua2411-hea-home-trixi","status":"publish","type":"product","link":"https:\/\/www.radiomarket.fi\/en\/kohde\/ekua2411-hea-home-trixi\/","title":{"rendered":"EKUA2411 HEA Home Trixi (EKUS)"},"content":{"rendered":"<p>Etumuovissa yhden nupin juuressa 2 cm hiushalkema, muuten virheet\u00f6n. Keskiaallot kuuluu, ula mykk\u00e4. Nuppi puuttuu, siistihk\u00f6. Testattu 2011.<\/p>","protected":false},"excerpt":{"rendered":"<p>Etumuovissa yhden nupin juuressa 2 cm hiushalkema, muuten virheet\u00f6n. Keskiaallot kuuluu, ula mykk\u00e4. Nuppi puuttuu, siistihk\u00f6. Testattu 2011.<\/p>","protected":false},"featured_media":4372,"template":"","meta":[],"_links":{"self":[{"href":"https:\/\/www.radiomarket.fi\/en\/wp-json\/wp\/v2\/product\/24251"}],"collection":[{"href":"https:\/\/www.radiomarket.fi\/en\/wp-json\/wp\/v2\/product"}],"about":[{"href":"https:\/\/www.radiomarket.fi\/en\/wp-json\/wp\/v2\/types\/product"}],"wp:featuredmedia":[{"embeddable":true,"href":"https:\/\/www.radiomarket.fi\/en\/wp-json\/wp\/v2\/media\/4372"}],"wp:attachment":[{"href":"https:\/\/www.radiomarket.fi\/en\/wp-json\/wp\/v2\/media?parent=24251"}],"curies":[{"name":"wp","href":"https:\/\/api.w.org\/{rel}","templated":true}]}}