{"id":24262,"date":"2020-10-05T11:40:30","date_gmt":"2020-10-05T08:40:30","guid":{"rendered":"https:\/\/www.radiomarket.fi\/tuote\/ekua2390-telefunken-vr-540\/"},"modified":"2022-11-01T14:36:38","modified_gmt":"2022-11-01T12:36:38","slug":"ekua2390-telefunken-vr-540","status":"publish","type":"product","link":"https:\/\/www.radiomarket.fi\/en\/kohde\/ekua2390-telefunken-vr-540\/","title":{"rendered":"EKUA2390 Telefunken VR-540"},"content":{"rendered":"<p>Kaukos\u00e4\u00e4timen paristokotelossa vain pient\u00e4 vuotoj\u00e4lke\u00e4<\/p>","protected":false},"excerpt":{"rendered":"<p>Kaukos\u00e4\u00e4timen paristokotelossa vain pient\u00e4 vuotoj\u00e4lke\u00e4<\/p>","protected":false},"featured_media":4279,"template":"","meta":[],"_links":{"self":[{"href":"https:\/\/www.radiomarket.fi\/en\/wp-json\/wp\/v2\/product\/24262"}],"collection":[{"href":"https:\/\/www.radiomarket.fi\/en\/wp-json\/wp\/v2\/product"}],"about":[{"href":"https:\/\/www.radiomarket.fi\/en\/wp-json\/wp\/v2\/types\/product"}],"wp:featuredmedia":[{"embeddable":true,"href":"https:\/\/www.radiomarket.fi\/en\/wp-json\/wp\/v2\/media\/4279"}],"wp:attachment":[{"href":"https:\/\/www.radiomarket.fi\/en\/wp-json\/wp\/v2\/media?parent=24262"}],"curies":[{"name":"wp","href":"https:\/\/api.w.org\/{rel}","templated":true}]}}