{"id":24263,"date":"2020-10-05T11:40:30","date_gmt":"2020-10-05T08:40:30","guid":{"rendered":"https:\/\/www.radiomarket.fi\/tuote\/ekua2389-philips-1512-00\/"},"modified":"2024-01-03T13:11:30","modified_gmt":"2024-01-03T11:11:30","slug":"ekua2389-philips-1512-00","status":"publish","type":"product","link":"https:\/\/www.radiomarket.fi\/en\/kohde\/ekua2389-philips-1512-00\/","title":{"rendered":"EKUA2389 Philips 1512\/00 (EKUS)"},"content":{"rendered":"<p>Saanut joskus ainakin tiivistynytt\u00e4 kosteutta, ei n\u00e4kyvi\u00e4 mekaanisia vikoja.<\/p>","protected":false},"excerpt":{"rendered":"<p>Saanut joskus ainakin tiivistynytt\u00e4 kosteutta, ei n\u00e4kyvi\u00e4 mekaanisia vikoja.<\/p>","protected":false},"featured_media":4275,"template":"","meta":[],"_links":{"self":[{"href":"https:\/\/www.radiomarket.fi\/en\/wp-json\/wp\/v2\/product\/24263"}],"collection":[{"href":"https:\/\/www.radiomarket.fi\/en\/wp-json\/wp\/v2\/product"}],"about":[{"href":"https:\/\/www.radiomarket.fi\/en\/wp-json\/wp\/v2\/types\/product"}],"wp:featuredmedia":[{"embeddable":true,"href":"https:\/\/www.radiomarket.fi\/en\/wp-json\/wp\/v2\/media\/4275"}],"wp:attachment":[{"href":"https:\/\/www.radiomarket.fi\/en\/wp-json\/wp\/v2\/media?parent=24263"}],"curies":[{"name":"wp","href":"https:\/\/api.w.org\/{rel}","templated":true}]}}