{"id":24299,"date":"2020-10-05T11:40:48","date_gmt":"2020-10-05T08:40:48","guid":{"rendered":"https:\/\/www.radiomarket.fi\/tuote\/ekua2344-dual-tg-15\/"},"modified":"2023-11-25T08:24:46","modified_gmt":"2023-11-25T06:24:46","slug":"ekua2344-dual-tg-15","status":"publish","type":"product","link":"https:\/\/www.radiomarket.fi\/en\/kohde\/ekua2344-dual-tg-15\/","title":{"rendered":"EKUA2344 Dual TG 15"},"content":{"rendered":"<p>Kannen alta siisti, kelauksen v\u00e4lipy\u00f6r\u00e4t sulaneet, toisto toimi, oikean kelan jarruhuovat irti koneistossa, kaiuttimet puuttuvat (?)<\/p>","protected":false},"excerpt":{"rendered":"<p>Kannen alta siisti, kelauksen v\u00e4lipy\u00f6r\u00e4t sulaneet, toisto toimi, oikean kelan jarruhuovat irti koneistossa, kaiuttimet puuttuvat (?)<\/p>","protected":false},"featured_media":4169,"template":"","meta":[],"_links":{"self":[{"href":"https:\/\/www.radiomarket.fi\/en\/wp-json\/wp\/v2\/product\/24299"}],"collection":[{"href":"https:\/\/www.radiomarket.fi\/en\/wp-json\/wp\/v2\/product"}],"about":[{"href":"https:\/\/www.radiomarket.fi\/en\/wp-json\/wp\/v2\/types\/product"}],"wp:featuredmedia":[{"embeddable":true,"href":"https:\/\/www.radiomarket.fi\/en\/wp-json\/wp\/v2\/media\/4169"}],"wp:attachment":[{"href":"https:\/\/www.radiomarket.fi\/en\/wp-json\/wp\/v2\/media?parent=24299"}],"curies":[{"name":"wp","href":"https:\/\/api.w.org\/{rel}","templated":true}]}}