{"id":24315,"date":"2020-10-05T11:40:56","date_gmt":"2020-10-05T08:40:56","guid":{"rendered":"https:\/\/www.radiomarket.fi\/tuote\/ekua2214-hellbergotto-brandt-opera-666yr-mars-666yr\/"},"modified":"2021-02-17T20:41:26","modified_gmt":"2021-02-17T18:41:26","slug":"ekua2214-hellbergotto-brandt-opera-666yr-mars-666yr","status":"publish","type":"product","link":"https:\/\/www.radiomarket.fi\/en\/kohde\/ekua2214-hellbergotto-brandt-opera-666yr-mars-666yr\/","title":{"rendered":"EKUA2214 Hellberg; Otto Brandt Opera 666YR (Mars 666YR)"},"content":{"rendered":"Ainakin asteikko puuttuu ja kangas rikki. Voi olla muitakin puutteita. Ensimm\u00e4isess\u00e4 kuvassa on kokonainen vastaava radio malliksi, ei myynniss\u00e4 oleva yksil\u00f6. Helsinkil\u00e4inen agentuuriliike B. Poljakoff aloitti Vilnossa (silloista Puolaa) olleen Elektrit-tehtaan radioiden tuonnin Suomeen v. 1938 alussa. Ensimm\u00e4inen n\u00e4ist\u00e4 radioista oli mallia Opera Z. Tehtaan p\u00e4\u00e4edustaja Suomessa vaihtui kuitenkin pian. Uusi edustaja oli syksyst\u00e4 1938 alkaen OY Otto Brandt AB. Tehtaan radioita tuotiin meille STL:n luetteloiden mukaan seitsem\u00e4\u00e4 eri mallia seuraavan vuoden syksyyn asti, jolloin Saksa miehitti Puolan ja Suomessa alkoi talvisota. Sodan j\u00e4lkeen radioista oli maassamme huutava pula. Tuonti oli t\u00e4ysin tukossa. Kotimainen teollisuus valmisti radioita sen verran, kuin komponentteja oli saatavissa. OY Otto Brandt AB ilmeisestikin rekister\u00f6i oman nimensa radiomerkiksi vuoden 1945 alussa. Radion mallinimess\u00e4 Opera 666YR lienee muistuma ensimm\u00e4iseen maahan tuotuun Elektrit-radiomalliin. Otto Brandtilla oli sodan j\u00e4lkeen myynniss\u00e4 kolme radiomallia, Opera 665Y vuodelta 1945, Opera 666YR vuodelta 1946 ja Opera 648V vuodelta 1948. Kaikkien n\u00e4iden valmistaja on O.Y. Radio E. Hellberg. Tehdas oli Helsingin Lauttasaaressa. Radiot vastaavat Hellbergin malleja Mars 665Y, Mars 666YR ja Mars 648V.","protected":false},"excerpt":{"rendered":"<p>Ainakin asteikko puuttuu ja kangas rikki. Voi olla muitakin puutteita. Ensimm\u00e4isess\u00e4 kuvassa on kokonainen vastaava radio malliksi, ei myynniss\u00e4 oleva yksil\u00f6. Helsinkil\u00e4inen agentuuriliike B. Poljakoff aloitti Vilnossa (silloista Puolaa) olleen Elektrit-tehtaan radioiden tuonnin Suomeen v. 1938 alussa. Ensimm\u00e4inen n\u00e4ist\u00e4 radioista oli mallia Opera Z. Tehtaan p\u00e4\u00e4edustaja Suomessa vaihtui kuitenkin pian. Uusi edustaja oli syksyst\u00e4 1938 &hellip;<\/p>\n<p class=\"read-more\"> <a class=\"thunk-readmore button\" href=\"https:\/\/www.radiomarket.fi\/en\/kohde\/ekua2214-hellbergotto-brandt-opera-666yr-mars-666yr\/\"> <span class=\"screen-reader-text\">EKUA2214 Hellberg; Otto Brandt Opera 666YR (Mars 666YR)<\/span>Read More<\/a><\/p>","protected":false},"featured_media":11994,"template":"","meta":[],"_links":{"self":[{"href":"https:\/\/www.radiomarket.fi\/en\/wp-json\/wp\/v2\/product\/24315"}],"collection":[{"href":"https:\/\/www.radiomarket.fi\/en\/wp-json\/wp\/v2\/product"}],"about":[{"href":"https:\/\/www.radiomarket.fi\/en\/wp-json\/wp\/v2\/types\/product"}],"wp:featuredmedia":[{"embeddable":true,"href":"https:\/\/www.radiomarket.fi\/en\/wp-json\/wp\/v2\/media\/11994"}],"wp:attachment":[{"href":"https:\/\/www.radiomarket.fi\/en\/wp-json\/wp\/v2\/media?parent=24315"}],"curies":[{"name":"wp","href":"https:\/\/api.w.org\/{rel}","templated":true}]}}