{"id":24319,"date":"2020-10-05T11:40:58","date_gmt":"2020-10-05T08:40:58","guid":{"rendered":"https:\/\/www.radiomarket.fi\/tuote\/ekua2206-philips-2400-n2-400-19-s\/"},"modified":"2023-03-01T21:00:00","modified_gmt":"2023-03-01T19:00:00","slug":"ekua2206-philips-2400-n2-400-19-s","status":"publish","type":"product","link":"https:\/\/www.radiomarket.fi\/en\/kohde\/ekua2206-philips-2400-n2-400-19-s\/","title":{"rendered":"EKUA2206 Philips 2400 N2 400\/19 S"},"content":{"rendered":"L\u00e4hes virheet\u00f6n, pieni lommo l\u00f6ytyy","protected":false},"excerpt":{"rendered":"<p>L\u00e4hes virheet\u00f6n, pieni lommo l\u00f6ytyy<\/p>","protected":false},"featured_media":4060,"template":"","meta":[],"_links":{"self":[{"href":"https:\/\/www.radiomarket.fi\/en\/wp-json\/wp\/v2\/product\/24319"}],"collection":[{"href":"https:\/\/www.radiomarket.fi\/en\/wp-json\/wp\/v2\/product"}],"about":[{"href":"https:\/\/www.radiomarket.fi\/en\/wp-json\/wp\/v2\/types\/product"}],"wp:featuredmedia":[{"embeddable":true,"href":"https:\/\/www.radiomarket.fi\/en\/wp-json\/wp\/v2\/media\/4060"}],"wp:attachment":[{"href":"https:\/\/www.radiomarket.fi\/en\/wp-json\/wp\/v2\/media?parent=24319"}],"curies":[{"name":"wp","href":"https:\/\/api.w.org\/{rel}","templated":true}]}}