{"id":24322,"date":"2026-01-15T11:30:59","date_gmt":"2026-01-15T09:30:59","guid":{"rendered":"https:\/\/www.radiomarket.fi\/tuote\/ekua2203-salora-salome-3-71ab00\/"},"modified":"2026-01-15T11:52:41","modified_gmt":"2026-01-15T09:52:41","slug":"ekua2203-salora-salome-3-71ab00","status":"publish","type":"product","link":"https:\/\/www.radiomarket.fi\/en\/kohde\/ekua2203-salora-salome-3-71ab00\/","title":{"rendered":"EKUA2203 Salora Salome 3 71AB00 koneisto, takalevy ym osaa puretaan (EKUS)"},"content":{"rendered":"<p>Naarmuinen kotelo, jossa painumia (myyty listoineen varaosaksi), pistoke vuoltu, molemmat pikkunupit puuttuvat.\u00a0 T\u00e4ystransistoroitu, AFC-virtakytkin puuttuu. Sama kuin Helvar Carmencita. Antenniliitin myyty varaosaksi. T\u00e4h\u00e4n sopiva kaiutinelementti &#8220;Isophon Lautsprecher&#8221; l\u00f6ytyy tuotenumerolla EKUS1279. Siistikuntoinen asteikkolevy 12\u20ac (myyty)<br \/><br \/><strong>J\u00e4ljell\u00e4 olevat osat:<\/strong><br \/><br \/>osittainen koneisto (ainakin AFC-virtakytkin puuttuu)<br \/>Viritysnuppi (suurikokoisin) ja painonapit<br \/>Takalevy alareunasta halki (ohuen pienan kohdalta).\u00a0<br \/><br \/>Hinta t\u00e4st\u00e4 saatavien varaosien arvioitu kokonaishinta. Tilaa tarvitsemasi varaosa emailitse. Ei tutkittu tarkemmin. Muitakin osia saattaa olla purettu tai rikki. Varmistathan tietojen oikeellisuuden myyj\u00e4lt\u00e4.<\/p>","protected":false},"excerpt":{"rendered":"<p>Naarmuinen kotelo, jossa painumia (myyty listoineen varaosaksi), pistoke vuoltu, molemmat pikkunupit puuttuvat.\u00a0 T\u00e4ystransistoroitu, AFC-virtakytkin puuttuu. Sama kuin Helvar Carmencita. Antenniliitin myyty varaosaksi. T\u00e4h\u00e4n sopiva kaiutinelementti &#8220;Isophon Lautsprecher&#8221; l\u00f6ytyy tuotenumerolla EKUS1279. Siistikuntoinen asteikkolevy 12\u20ac (myyty)J\u00e4ljell\u00e4 olevat osat:osittainen koneisto (ainakin AFC-virtakytkin puuttuu)Viritysnuppi (suurikokoisin) ja painonapitTakalevy alareunasta halki (ohuen pienan kohdalta).\u00a0Hinta t\u00e4st\u00e4 saatavien varaosien arvioitu kokonaishinta. Tilaa tarvitsemasi &hellip;<\/p>\n<p class=\"read-more\"> <a class=\"thunk-readmore button\" href=\"https:\/\/www.radiomarket.fi\/en\/kohde\/ekua2203-salora-salome-3-71ab00\/\"> <span class=\"screen-reader-text\">EKUA2203 Salora Salome 3 71AB00 koneisto, takalevy ym osaa puretaan (EKUS)<\/span>Read More<\/a><\/p>","protected":false},"featured_media":4053,"template":"","meta":[],"_links":{"self":[{"href":"https:\/\/www.radiomarket.fi\/en\/wp-json\/wp\/v2\/product\/24322"}],"collection":[{"href":"https:\/\/www.radiomarket.fi\/en\/wp-json\/wp\/v2\/product"}],"about":[{"href":"https:\/\/www.radiomarket.fi\/en\/wp-json\/wp\/v2\/types\/product"}],"wp:featuredmedia":[{"embeddable":true,"href":"https:\/\/www.radiomarket.fi\/en\/wp-json\/wp\/v2\/media\/4053"}],"wp:attachment":[{"href":"https:\/\/www.radiomarket.fi\/en\/wp-json\/wp\/v2\/media?parent=24322"}],"curies":[{"name":"wp","href":"https:\/\/api.w.org\/{rel}","templated":true}]}}