{"id":24326,"date":"2020-10-05T11:41:02","date_gmt":"2020-10-05T08:41:02","guid":{"rendered":"https:\/\/www.radiomarket.fi\/tuote\/ekua2197-veb-aviso-8222-rft\/"},"modified":"2023-08-09T11:32:15","modified_gmt":"2023-08-09T08:32:15","slug":"ekua2197-veb-aviso-8222-rft","status":"publish","type":"product","link":"https:\/\/www.radiomarket.fi\/en\/kohde\/ekua2197-veb-aviso-8222-rft\/","title":{"rendered":"EKUA2197 VEB Aviso 8222 RFT"},"content":{"rendered":"Ula ei pysy p\u00e4\u00e4ll\u00e4, kytkinvikaa, naru luistaa\/ poikki. Pient\u00e4 kosteusvikaa. Takalevyst\u00e4 puuttuu osa, kolhu etulistassa,","protected":false},"excerpt":{"rendered":"<p>Ula ei pysy p\u00e4\u00e4ll\u00e4, kytkinvikaa, naru luistaa\/ poikki. Pient\u00e4 kosteusvikaa. Takalevyst\u00e4 puuttuu osa, kolhu etulistassa,<\/p>","protected":false},"featured_media":4031,"template":"","meta":[],"_links":{"self":[{"href":"https:\/\/www.radiomarket.fi\/en\/wp-json\/wp\/v2\/product\/24326"}],"collection":[{"href":"https:\/\/www.radiomarket.fi\/en\/wp-json\/wp\/v2\/product"}],"about":[{"href":"https:\/\/www.radiomarket.fi\/en\/wp-json\/wp\/v2\/types\/product"}],"wp:featuredmedia":[{"embeddable":true,"href":"https:\/\/www.radiomarket.fi\/en\/wp-json\/wp\/v2\/media\/4031"}],"wp:attachment":[{"href":"https:\/\/www.radiomarket.fi\/en\/wp-json\/wp\/v2\/media?parent=24326"}],"curies":[{"name":"wp","href":"https:\/\/api.w.org\/{rel}","templated":true}]}}