{"id":24328,"date":"2020-10-05T11:41:03","date_gmt":"2020-10-05T08:41:03","guid":{"rendered":"https:\/\/www.radiomarket.fi\/tuote\/ekua2194-luxor-dirigent-36400\/"},"modified":"2025-10-22T22:48:46","modified_gmt":"2025-10-22T19:48:46","slug":"ekua2194-luxor-dirigent-36400","status":"publish","type":"product","link":"https:\/\/www.radiomarket.fi\/en\/kohde\/ekua2194-luxor-dirigent-36400\/","title":{"rendered":"EKUA2194 Luxor Dirigent 36400"},"content":{"rendered":"3 nopeutta, k\u00e4ytt\u00f6kulumaa","protected":false},"excerpt":{"rendered":"<p>3 nopeutta, k\u00e4ytt\u00f6kulumaa<\/p>","protected":false},"featured_media":4011,"template":"","meta":[],"_links":{"self":[{"href":"https:\/\/www.radiomarket.fi\/en\/wp-json\/wp\/v2\/product\/24328"}],"collection":[{"href":"https:\/\/www.radiomarket.fi\/en\/wp-json\/wp\/v2\/product"}],"about":[{"href":"https:\/\/www.radiomarket.fi\/en\/wp-json\/wp\/v2\/types\/product"}],"wp:featuredmedia":[{"embeddable":true,"href":"https:\/\/www.radiomarket.fi\/en\/wp-json\/wp\/v2\/media\/4011"}],"wp:attachment":[{"href":"https:\/\/www.radiomarket.fi\/en\/wp-json\/wp\/v2\/media?parent=24328"}],"curies":[{"name":"wp","href":"https:\/\/api.w.org\/{rel}","templated":true}]}}