{"id":24341,"date":"2020-10-05T11:41:08","date_gmt":"2020-10-05T08:41:08","guid":{"rendered":"https:\/\/www.radiomarket.fi\/tuote\/ekua2132-veb-opal-1133-1-0-stern\/"},"modified":"2024-03-02T11:24:30","modified_gmt":"2024-03-02T09:24:30","slug":"ekua2132-veb-opal-1133-1-0-stern","status":"publish","type":"product","link":"https:\/\/www.radiomarket.fi\/en\/kohde\/ekua2132-veb-opal-1133-1-0-stern\/","title":{"rendered":"EKUA2132 VEB Opal 1133.1-0 Stern (EKUM)"},"content":{"rendered":"<p>Puukotelo, kaiuttimen edess\u00e4 kangas, asteikko lasia, nupit bakeliittia. Vaalea, kangas vaalea. Kaiutin keskell\u00e4 edess\u00e4, asteikko sen alla, kierrett\u00e4v\u00e4 vaaleaa\/kultainen nuppi asteikon molemmin puolin. Alareunassa kuusi vaaleaa painettavaa ja kaksi kierrett\u00e4v\u00e4\u00e4 nuppia. Asteikon pohjav\u00e4ri musta. Pystyasteikko. LW 150-350 kHz, MW 550-1600 kHz, KW 6-9,5 MHz, UW 87-100 MHz.<br \/><br \/>Myyd\u00e4\u00e4n osina tai loppu kokonaisuutena. Tuotteen hinta t\u00e4st\u00e4 saatavien varaosien arvioitu kokonaishinta.<br \/><br \/><strong>Seuraavat osat myyty:<\/strong><br \/>asteikkolasi (rapistunut) varaosaksi<br \/>Ei putkia.<br \/><br \/>Silm\u00e4m\u00e4\u00e4r\u00e4isesti ei vaikuttaisi puuttuvan muuta. Varmistathan tietojen oikeellisuuden myyj\u00e4lt\u00e4.<\/p>","protected":false},"excerpt":{"rendered":"<p>Puukotelo, kaiuttimen edess\u00e4 kangas, asteikko lasia, nupit bakeliittia. Vaalea, kangas vaalea. Kaiutin keskell\u00e4 edess\u00e4, asteikko sen alla, kierrett\u00e4v\u00e4 vaaleaa\/kultainen nuppi asteikon molemmin puolin. Alareunassa kuusi vaaleaa painettavaa ja kaksi kierrett\u00e4v\u00e4\u00e4 nuppia. Asteikon pohjav\u00e4ri musta. Pystyasteikko. LW 150-350 kHz, MW 550-1600 kHz, KW 6-9,5 MHz, UW 87-100 MHz.Myyd\u00e4\u00e4n osina tai loppu kokonaisuutena. Tuotteen hinta t\u00e4st\u00e4 saatavien &hellip;<\/p>\n<p class=\"read-more\"> <a class=\"thunk-readmore button\" href=\"https:\/\/www.radiomarket.fi\/en\/kohde\/ekua2132-veb-opal-1133-1-0-stern\/\"> <span class=\"screen-reader-text\">EKUA2132 VEB Opal 1133.1-0 Stern (EKUM)<\/span>Read More<\/a><\/p>","protected":false},"featured_media":3907,"template":"","meta":[],"_links":{"self":[{"href":"https:\/\/www.radiomarket.fi\/en\/wp-json\/wp\/v2\/product\/24341"}],"collection":[{"href":"https:\/\/www.radiomarket.fi\/en\/wp-json\/wp\/v2\/product"}],"about":[{"href":"https:\/\/www.radiomarket.fi\/en\/wp-json\/wp\/v2\/types\/product"}],"wp:featuredmedia":[{"embeddable":true,"href":"https:\/\/www.radiomarket.fi\/en\/wp-json\/wp\/v2\/media\/3907"}],"wp:attachment":[{"href":"https:\/\/www.radiomarket.fi\/en\/wp-json\/wp\/v2\/media?parent=24341"}],"curies":[{"name":"wp","href":"https:\/\/api.w.org\/{rel}","templated":true}]}}