{"id":24342,"date":"2020-10-05T11:41:09","date_gmt":"2020-10-05T08:41:09","guid":{"rendered":"https:\/\/www.radiomarket.fi\/tuote\/ekua2131-teleste-2ac45\/"},"modified":"2020-10-05T11:41:09","modified_gmt":"2020-10-05T08:41:09","slug":"ekua2131-teleste-2ac45","status":"publish","type":"product","link":"https:\/\/www.radiomarket.fi\/en\/kohde\/ekua2131-teleste-2ac45\/","title":{"rendered":"EKUA2131 Teleste 2AC45"},"content":{"rendered":"Ruskea puukotelo. Edess\u00e4 ruskea kangas ja sininen Teleste-merkki. P\u00e4\u00e4temuuntaja puuttuu.","protected":false},"excerpt":{"rendered":"<p>Ruskea puukotelo. Edess\u00e4 ruskea kangas ja sininen Teleste-merkki. P\u00e4\u00e4temuuntaja puuttuu.<\/p>","protected":false},"featured_media":3901,"template":"","meta":[],"_links":{"self":[{"href":"https:\/\/www.radiomarket.fi\/en\/wp-json\/wp\/v2\/product\/24342"}],"collection":[{"href":"https:\/\/www.radiomarket.fi\/en\/wp-json\/wp\/v2\/product"}],"about":[{"href":"https:\/\/www.radiomarket.fi\/en\/wp-json\/wp\/v2\/types\/product"}],"wp:featuredmedia":[{"embeddable":true,"href":"https:\/\/www.radiomarket.fi\/en\/wp-json\/wp\/v2\/media\/3901"}],"wp:attachment":[{"href":"https:\/\/www.radiomarket.fi\/en\/wp-json\/wp\/v2\/media?parent=24342"}],"curies":[{"name":"wp","href":"https:\/\/api.w.org\/{rel}","templated":true}]}}