{"id":24344,"date":"2020-10-05T11:41:10","date_gmt":"2020-10-05T08:41:10","guid":{"rendered":"https:\/\/www.radiomarket.fi\/tuote\/ekua2127-bosch-multiband-dual-com-738-efr\/"},"modified":"2020-10-05T11:41:10","modified_gmt":"2020-10-05T08:41:10","slug":"ekua2127-bosch-multiband-dual-com-738-efr","status":"publish","type":"product","link":"https:\/\/www.radiomarket.fi\/en\/kohde\/ekua2127-bosch-multiband-dual-com-738-efr\/","title":{"rendered":"EKUA2127 Bosch Multiband Dual-Com 738 EFR"},"content":{"rendered":"K\u00e4nnykk\u00e4, jossa p\u00e4\u00e4ll\u00e4 musta n\u00e4pp\u00e4imist\u00f6. N\u00e4pp\u00e4imist\u00f6n yl\u00e4puolella n\u00e4ytt\u00f6. Musta antenni. Puhelimessa kortti edelleen sis\u00e4ll\u00e4. Mukana alkuper\u00e4inen pakkauslaatikko, kaksi erilaista handsfree-kuuloketta ja k\u00e4ytt\u00f6ohje. Kulunut n\u00e4pp\u00e4imist\u00f6 vaihdon tarpeessa.","protected":false},"excerpt":{"rendered":"<p>K\u00e4nnykk\u00e4, jossa p\u00e4\u00e4ll\u00e4 musta n\u00e4pp\u00e4imist\u00f6. N\u00e4pp\u00e4imist\u00f6n yl\u00e4puolella n\u00e4ytt\u00f6. Musta antenni. Puhelimessa kortti edelleen sis\u00e4ll\u00e4. Mukana alkuper\u00e4inen pakkauslaatikko, kaksi erilaista handsfree-kuuloketta ja k\u00e4ytt\u00f6ohje. Kulunut n\u00e4pp\u00e4imist\u00f6 vaihdon tarpeessa.<\/p>","protected":false},"featured_media":3890,"template":"","meta":[],"_links":{"self":[{"href":"https:\/\/www.radiomarket.fi\/en\/wp-json\/wp\/v2\/product\/24344"}],"collection":[{"href":"https:\/\/www.radiomarket.fi\/en\/wp-json\/wp\/v2\/product"}],"about":[{"href":"https:\/\/www.radiomarket.fi\/en\/wp-json\/wp\/v2\/types\/product"}],"wp:featuredmedia":[{"embeddable":true,"href":"https:\/\/www.radiomarket.fi\/en\/wp-json\/wp\/v2\/media\/3890"}],"wp:attachment":[{"href":"https:\/\/www.radiomarket.fi\/en\/wp-json\/wp\/v2\/media?parent=24344"}],"curies":[{"name":"wp","href":"https:\/\/api.w.org\/{rel}","templated":true}]}}