{"id":24345,"date":"2020-10-05T11:41:10","date_gmt":"2020-10-05T08:41:10","guid":{"rendered":"https:\/\/www.radiomarket.fi\/tuote\/ekua2126-ericsson-dahh-1451\/"},"modified":"2024-08-24T16:40:18","modified_gmt":"2024-08-24T13:40:18","slug":"ekua2126-ericsson-dahh-1451","status":"publish","type":"product","link":"https:\/\/www.radiomarket.fi\/en\/kohde\/ekua2126-ericsson-dahh-1451\/","title":{"rendered":"EKUA2126 Ericsson DAHH 1451"},"content":{"rendered":"Luonnonvalkoista ja valkoista muovia. P\u00e4\u00e4ll\u00e4 luuri, valintakiekkoaukon kansi puuttuu. Oikeassa sivussa valkoinen veivi. Luurin johto poikki, ei ole kiinni puhelimessa.","protected":false},"excerpt":{"rendered":"<p>Luonnonvalkoista ja valkoista muovia. P\u00e4\u00e4ll\u00e4 luuri, valintakiekkoaukon kansi puuttuu. Oikeassa sivussa valkoinen veivi. Luurin johto poikki, ei ole kiinni puhelimessa.<\/p>","protected":false},"featured_media":3887,"template":"","meta":[],"_links":{"self":[{"href":"https:\/\/www.radiomarket.fi\/en\/wp-json\/wp\/v2\/product\/24345"}],"collection":[{"href":"https:\/\/www.radiomarket.fi\/en\/wp-json\/wp\/v2\/product"}],"about":[{"href":"https:\/\/www.radiomarket.fi\/en\/wp-json\/wp\/v2\/types\/product"}],"wp:featuredmedia":[{"embeddable":true,"href":"https:\/\/www.radiomarket.fi\/en\/wp-json\/wp\/v2\/media\/3887"}],"wp:attachment":[{"href":"https:\/\/www.radiomarket.fi\/en\/wp-json\/wp\/v2\/media?parent=24345"}],"curies":[{"name":"wp","href":"https:\/\/api.w.org\/{rel}","templated":true}]}}