{"id":24347,"date":"2020-10-05T11:41:12","date_gmt":"2020-10-05T08:41:12","guid":{"rendered":"https:\/\/www.radiomarket.fi\/tuote\/ekua2124-ericsson-dahh-1\/"},"modified":"2024-08-24T16:40:18","modified_gmt":"2024-08-24T13:40:18","slug":"ekua2124-ericsson-dahh-1","status":"publish","type":"product","link":"https:\/\/www.radiomarket.fi\/en\/kohde\/ekua2124-ericsson-dahh-1\/","title":{"rendered":"EKUA2124 Ericsson DAHH 1????"},"content":{"rendered":"Luonnonvalkoista ja valkoista bakeliittia. P\u00e4\u00e4ll\u00e4 luuri, valintakiekkoaukon peittolevy puuttuu. Oikeassa sivussa valkoinen veivi.","protected":false},"excerpt":{"rendered":"<p>Luonnonvalkoista ja valkoista bakeliittia. P\u00e4\u00e4ll\u00e4 luuri, valintakiekkoaukon peittolevy puuttuu. Oikeassa sivussa valkoinen veivi.<\/p>","protected":false},"featured_media":3881,"template":"","meta":[],"_links":{"self":[{"href":"https:\/\/www.radiomarket.fi\/en\/wp-json\/wp\/v2\/product\/24347"}],"collection":[{"href":"https:\/\/www.radiomarket.fi\/en\/wp-json\/wp\/v2\/product"}],"about":[{"href":"https:\/\/www.radiomarket.fi\/en\/wp-json\/wp\/v2\/types\/product"}],"wp:featuredmedia":[{"embeddable":true,"href":"https:\/\/www.radiomarket.fi\/en\/wp-json\/wp\/v2\/media\/3881"}],"wp:attachment":[{"href":"https:\/\/www.radiomarket.fi\/en\/wp-json\/wp\/v2\/media?parent=24347"}],"curies":[{"name":"wp","href":"https:\/\/api.w.org\/{rel}","templated":true}]}}