{"id":24348,"date":"2020-10-05T11:41:12","date_gmt":"2020-10-05T08:41:12","guid":{"rendered":"https:\/\/www.radiomarket.fi\/tuote\/ekua2123-ericsson-dbc-144-202-101\/"},"modified":"2026-04-27T12:33:14","modified_gmt":"2026-04-27T09:33:14","slug":"ekua2123-ericsson-dbc-144-202-101","status":"publish","type":"product","link":"https:\/\/www.radiomarket.fi\/en\/kohde\/ekua2123-ericsson-dbc-144-202-101\/","title":{"rendered":"EKUA2123 Ericsson DBC 144 202\/101"},"content":{"rendered":"Beige\u00e4 muovia. P\u00e4\u00e4ll\u00e4 luuri ruskea\/beige n\u00e4pp\u00e4imist\u00f6. Pikavalintapaikkoihin kirjoitettu mustekyn\u00e4ll\u00e4 nimi\u00e4. P\u00e4\u00e4ll\u00e4 tarrat \u201dKotisoitto 020100\u201d ja \u201d112 yleinen h\u00e4t\u00e4numero\u201d.","protected":false},"excerpt":{"rendered":"<p>Beige\u00e4 muovia. P\u00e4\u00e4ll\u00e4 luuri ruskea\/beige n\u00e4pp\u00e4imist\u00f6. Pikavalintapaikkoihin kirjoitettu mustekyn\u00e4ll\u00e4 nimi\u00e4. P\u00e4\u00e4ll\u00e4 tarrat \u201dKotisoitto 020100\u201d ja \u201d112 yleinen h\u00e4t\u00e4numero\u201d.<\/p>","protected":false},"featured_media":3879,"template":"","meta":[],"_links":{"self":[{"href":"https:\/\/www.radiomarket.fi\/en\/wp-json\/wp\/v2\/product\/24348"}],"collection":[{"href":"https:\/\/www.radiomarket.fi\/en\/wp-json\/wp\/v2\/product"}],"about":[{"href":"https:\/\/www.radiomarket.fi\/en\/wp-json\/wp\/v2\/types\/product"}],"wp:featuredmedia":[{"embeddable":true,"href":"https:\/\/www.radiomarket.fi\/en\/wp-json\/wp\/v2\/media\/3879"}],"wp:attachment":[{"href":"https:\/\/www.radiomarket.fi\/en\/wp-json\/wp\/v2\/media?parent=24348"}],"curies":[{"name":"wp","href":"https:\/\/api.w.org\/{rel}","templated":true}]}}