{"id":24352,"date":"2020-10-05T11:41:14","date_gmt":"2020-10-05T08:41:14","guid":{"rendered":"https:\/\/www.radiomarket.fi\/tuote\/ekua2119-sep-standard-electric-puhelinteollisuus-puhelin\/"},"modified":"2024-08-22T18:32:30","modified_gmt":"2024-08-22T15:32:30","slug":"ekua2119-sep-standard-electric-puhelinteollisuus-puhelin","status":"publish","type":"product","link":"https:\/\/www.radiomarket.fi\/en\/kohde\/ekua2119-sep-standard-electric-puhelinteollisuus-puhelin\/","title":{"rendered":"EKUA2119 SEP Standard Electric Puhelinteollisuus Puhelin"},"content":{"rendered":"Vaaleanharmaata muovia, luurin kannet, luurin p\u00e4\u00e4t valkoista muovia. P\u00e4\u00e4ll\u00e4 l\u00e4pin\u00e4kyv\u00e4 valintakiekko ja luuri. Johdosta puuttuu pistoke.","protected":false},"excerpt":{"rendered":"<p>Vaaleanharmaata muovia, luurin kannet, luurin p\u00e4\u00e4t valkoista muovia. P\u00e4\u00e4ll\u00e4 l\u00e4pin\u00e4kyv\u00e4 valintakiekko ja luuri. Johdosta puuttuu pistoke.<\/p>","protected":false},"featured_media":3871,"template":"","meta":[],"_links":{"self":[{"href":"https:\/\/www.radiomarket.fi\/en\/wp-json\/wp\/v2\/product\/24352"}],"collection":[{"href":"https:\/\/www.radiomarket.fi\/en\/wp-json\/wp\/v2\/product"}],"about":[{"href":"https:\/\/www.radiomarket.fi\/en\/wp-json\/wp\/v2\/types\/product"}],"wp:featuredmedia":[{"embeddable":true,"href":"https:\/\/www.radiomarket.fi\/en\/wp-json\/wp\/v2\/media\/3871"}],"wp:attachment":[{"href":"https:\/\/www.radiomarket.fi\/en\/wp-json\/wp\/v2\/media?parent=24352"}],"curies":[{"name":"wp","href":"https:\/\/api.w.org\/{rel}","templated":true}]}}