{"id":24355,"date":"2020-10-05T11:41:16","date_gmt":"2020-10-05T08:41:16","guid":{"rendered":"https:\/\/www.radiomarket.fi\/tuote\/ekua2115-puhelinteollisuus-puhelin\/"},"modified":"2020-10-05T11:41:16","modified_gmt":"2020-10-05T08:41:16","slug":"ekua2115-puhelinteollisuus-puhelin","status":"publish","type":"product","link":"https:\/\/www.radiomarket.fi\/en\/kohde\/ekua2115-puhelinteollisuus-puhelin\/","title":{"rendered":"EKUA2115 Puhelinteollisuus Puhelin"},"content":{"rendered":"Mustaa kovamuovia tai bakeliittia. Oikeassa sivussa hopeanv\u00e4rinen, mustap\u00e4inen veivi. P\u00e4\u00e4ll\u00e4 kirjain \u201dP\u201d ja luuri telineess\u00e4.","protected":false},"excerpt":{"rendered":"<p>Mustaa kovamuovia tai bakeliittia. Oikeassa sivussa hopeanv\u00e4rinen, mustap\u00e4inen veivi. P\u00e4\u00e4ll\u00e4 kirjain \u201dP\u201d ja luuri telineess\u00e4.<\/p>","protected":false},"featured_media":3861,"template":"","meta":[],"_links":{"self":[{"href":"https:\/\/www.radiomarket.fi\/en\/wp-json\/wp\/v2\/product\/24355"}],"collection":[{"href":"https:\/\/www.radiomarket.fi\/en\/wp-json\/wp\/v2\/product"}],"about":[{"href":"https:\/\/www.radiomarket.fi\/en\/wp-json\/wp\/v2\/types\/product"}],"wp:featuredmedia":[{"embeddable":true,"href":"https:\/\/www.radiomarket.fi\/en\/wp-json\/wp\/v2\/media\/3861"}],"wp:attachment":[{"href":"https:\/\/www.radiomarket.fi\/en\/wp-json\/wp\/v2\/media?parent=24355"}],"curies":[{"name":"wp","href":"https:\/\/api.w.org\/{rel}","templated":true}]}}