{"id":24360,"date":"2020-10-05T11:41:18","date_gmt":"2020-10-05T08:41:18","guid":{"rendered":"https:\/\/www.radiomarket.fi\/tuote\/ekua2110-ericsson-dialog-1-dlg-01231-51-58-h-7606\/"},"modified":"2020-12-09T14:34:08","modified_gmt":"2020-12-09T12:34:08","slug":"ekua2110-ericsson-dialog-1-dlg-01231-51-58-h-7606","status":"publish","type":"product","link":"https:\/\/www.radiomarket.fi\/en\/kohde\/ekua2110-ericsson-dialog-1-dlg-01231-51-58-h-7606\/","title":{"rendered":"EKUA2110 Ericsson Dialog 1\/DLG 01231\/51\/58 H 7606"},"content":{"rendered":"Vihre\u00e4\u00e4 muovia. P\u00e4\u00e4ll\u00e4 l\u00e4pin\u00e4kyv\u00e4 valintakiekko ja luuri.","protected":false},"excerpt":{"rendered":"<p>Vihre\u00e4\u00e4 muovia. P\u00e4\u00e4ll\u00e4 l\u00e4pin\u00e4kyv\u00e4 valintakiekko ja luuri.<\/p>","protected":false},"featured_media":3851,"template":"","meta":[],"_links":{"self":[{"href":"https:\/\/www.radiomarket.fi\/en\/wp-json\/wp\/v2\/product\/24360"}],"collection":[{"href":"https:\/\/www.radiomarket.fi\/en\/wp-json\/wp\/v2\/product"}],"about":[{"href":"https:\/\/www.radiomarket.fi\/en\/wp-json\/wp\/v2\/types\/product"}],"wp:featuredmedia":[{"embeddable":true,"href":"https:\/\/www.radiomarket.fi\/en\/wp-json\/wp\/v2\/media\/3851"}],"wp:attachment":[{"href":"https:\/\/www.radiomarket.fi\/en\/wp-json\/wp\/v2\/media?parent=24360"}],"curies":[{"name":"wp","href":"https:\/\/api.w.org\/{rel}","templated":true}]}}