{"id":24364,"date":"2020-10-05T11:41:20","date_gmt":"2020-10-05T08:41:20","guid":{"rendered":"https:\/\/www.radiomarket.fi\/tuote\/ekua2106-ericsson-stentofon-dee-300-01-5\/"},"modified":"2020-10-05T11:41:20","modified_gmt":"2020-10-05T08:41:20","slug":"ekua2106-ericsson-stentofon-dee-300-01-5","status":"publish","type":"product","link":"https:\/\/www.radiomarket.fi\/en\/kohde\/ekua2106-ericsson-stentofon-dee-300-01-5\/","title":{"rendered":"EKUA2106 Ericsson Stentofon DEE 300 01\/5"},"content":{"rendered":"Luurinmallinen p\u00f6yt\u00e4puhelin. Vihre\u00e4\u00e4 muovia. P\u00e4\u00e4ll\u00e4 musta n\u00e4pp\u00e4imist\u00f6. Mustat johdot. kojeita k\u00e4ytettiin yhdess\u00e4 LM Ericssonin pikapuhelinvaihteiden ASA-101 ja ASE-462 yhteydess\u00e4. ASA-101 kehitettiin vuonna 1982 ja oli ensimm\u00e4inen t\u00e4ysin digitaalinen pikapuhelinj\u00e4rjestelm\u00e4.","protected":false},"excerpt":{"rendered":"<p>Luurinmallinen p\u00f6yt\u00e4puhelin. Vihre\u00e4\u00e4 muovia. P\u00e4\u00e4ll\u00e4 musta n\u00e4pp\u00e4imist\u00f6. Mustat johdot. kojeita k\u00e4ytettiin yhdess\u00e4 LM Ericssonin pikapuhelinvaihteiden ASA-101 ja ASE-462 yhteydess\u00e4. ASA-101 kehitettiin vuonna 1982 ja oli ensimm\u00e4inen t\u00e4ysin digitaalinen pikapuhelinj\u00e4rjestelm\u00e4.<\/p>","protected":false},"featured_media":3842,"template":"","meta":[],"_links":{"self":[{"href":"https:\/\/www.radiomarket.fi\/en\/wp-json\/wp\/v2\/product\/24364"}],"collection":[{"href":"https:\/\/www.radiomarket.fi\/en\/wp-json\/wp\/v2\/product"}],"about":[{"href":"https:\/\/www.radiomarket.fi\/en\/wp-json\/wp\/v2\/types\/product"}],"wp:featuredmedia":[{"embeddable":true,"href":"https:\/\/www.radiomarket.fi\/en\/wp-json\/wp\/v2\/media\/3842"}],"wp:attachment":[{"href":"https:\/\/www.radiomarket.fi\/en\/wp-json\/wp\/v2\/media?parent=24364"}],"curies":[{"name":"wp","href":"https:\/\/api.w.org\/{rel}","templated":true}]}}