{"id":24367,"date":"2020-10-05T11:41:21","date_gmt":"2020-10-05T08:41:21","guid":{"rendered":"https:\/\/www.radiomarket.fi\/tuote\/ekua2103-siemens-s30054-s-5419-n-1-4-a30054-x-5419-n-3-6811\/"},"modified":"2020-10-05T11:41:21","modified_gmt":"2020-10-05T08:41:21","slug":"ekua2103-siemens-s30054-s-5419-n-1-4-a30054-x-5419-n-3-6811","status":"publish","type":"product","link":"https:\/\/www.radiomarket.fi\/en\/kohde\/ekua2103-siemens-s30054-s-5419-n-1-4-a30054-x-5419-n-3-6811\/","title":{"rendered":"EKUA2103 Siemens S30054-S 5419-N 1-4, A30054-X 5419-N-3-6811"},"content":{"rendered":"Harmaata muovia. P\u00e4\u00e4ll\u00e4 l\u00e4pin\u00e4kyv\u00e4 valintakiekko ja luuri. Mustat johdot.","protected":false},"excerpt":{"rendered":"<p>Harmaata muovia. P\u00e4\u00e4ll\u00e4 l\u00e4pin\u00e4kyv\u00e4 valintakiekko ja luuri. Mustat johdot.<\/p>","protected":false},"featured_media":3836,"template":"","meta":[],"_links":{"self":[{"href":"https:\/\/www.radiomarket.fi\/en\/wp-json\/wp\/v2\/product\/24367"}],"collection":[{"href":"https:\/\/www.radiomarket.fi\/en\/wp-json\/wp\/v2\/product"}],"about":[{"href":"https:\/\/www.radiomarket.fi\/en\/wp-json\/wp\/v2\/types\/product"}],"wp:featuredmedia":[{"embeddable":true,"href":"https:\/\/www.radiomarket.fi\/en\/wp-json\/wp\/v2\/media\/3836"}],"wp:attachment":[{"href":"https:\/\/www.radiomarket.fi\/en\/wp-json\/wp\/v2\/media?parent=24367"}],"curies":[{"name":"wp","href":"https:\/\/api.w.org\/{rel}","templated":true}]}}