{"id":24372,"date":"2020-10-05T11:41:24","date_gmt":"2020-10-05T08:41:24","guid":{"rendered":"https:\/\/www.radiomarket.fi\/tuote\/ekua2098-ericsson-dbh-1151-h\/"},"modified":"2022-07-06T10:55:09","modified_gmt":"2022-07-06T07:55:09","slug":"ekua2098-ericsson-dbh-1151-h","status":"publish","type":"product","link":"https:\/\/www.radiomarket.fi\/en\/kohde\/ekua2098-ericsson-dbh-1151-h\/","title":{"rendered":"EKUA2098 Ericsson DBH 1151 H (EKUM)"},"content":{"rendered":"Mustaa bakeliittia. P\u00e4\u00e4ll\u00e4 hopeanv\u00e4rinen metallinen valintakiekko ja musta luuri. Johdot mustat. Luurista puuttuu toinen korvaa vasten oleva kappale.","protected":false},"excerpt":{"rendered":"<p>Mustaa bakeliittia. P\u00e4\u00e4ll\u00e4 hopeanv\u00e4rinen metallinen valintakiekko ja musta luuri. Johdot mustat. Luurista puuttuu toinen korvaa vasten oleva kappale.<\/p>","protected":false},"featured_media":3826,"template":"","meta":[],"_links":{"self":[{"href":"https:\/\/www.radiomarket.fi\/en\/wp-json\/wp\/v2\/product\/24372"}],"collection":[{"href":"https:\/\/www.radiomarket.fi\/en\/wp-json\/wp\/v2\/product"}],"about":[{"href":"https:\/\/www.radiomarket.fi\/en\/wp-json\/wp\/v2\/types\/product"}],"wp:featuredmedia":[{"embeddable":true,"href":"https:\/\/www.radiomarket.fi\/en\/wp-json\/wp\/v2\/media\/3826"}],"wp:attachment":[{"href":"https:\/\/www.radiomarket.fi\/en\/wp-json\/wp\/v2\/media?parent=24372"}],"curies":[{"name":"wp","href":"https:\/\/api.w.org\/{rel}","templated":true}]}}