{"id":24375,"date":"2020-10-05T11:41:24","date_gmt":"2020-10-05T08:41:24","guid":{"rendered":"https:\/\/www.radiomarket.fi\/tuote\/ekua2095-ericsson-1-dlg-01231-51-58-h1-7908\/"},"modified":"2025-07-07T13:29:11","modified_gmt":"2025-07-07T10:29:11","slug":"ekua2095-ericsson-1-dlg-01231-51-58-h1-7908","status":"publish","type":"product","link":"https:\/\/www.radiomarket.fi\/en\/kohde\/ekua2095-ericsson-1-dlg-01231-51-58-h1-7908\/","title":{"rendered":"EKUA2095 Ericsson 1\/DLG 01231\/51\/58 H1 7908"},"content":{"rendered":"Vihre\u00e4\u00e4 muovia. P\u00e4\u00e4ll\u00e4 l\u00e4pin\u00e4kyv\u00e4 valintakiekko ja vihre\u00e4 luuri. Edess\u00e4 olevassa numerolapussa muovilevyn takana numero 111363.","protected":false},"excerpt":{"rendered":"<p>Vihre\u00e4\u00e4 muovia. P\u00e4\u00e4ll\u00e4 l\u00e4pin\u00e4kyv\u00e4 valintakiekko ja vihre\u00e4 luuri. Edess\u00e4 olevassa numerolapussa muovilevyn takana numero 111363.<\/p>","protected":false},"featured_media":3822,"template":"","meta":[],"_links":{"self":[{"href":"https:\/\/www.radiomarket.fi\/en\/wp-json\/wp\/v2\/product\/24375"}],"collection":[{"href":"https:\/\/www.radiomarket.fi\/en\/wp-json\/wp\/v2\/product"}],"about":[{"href":"https:\/\/www.radiomarket.fi\/en\/wp-json\/wp\/v2\/types\/product"}],"wp:featuredmedia":[{"embeddable":true,"href":"https:\/\/www.radiomarket.fi\/en\/wp-json\/wp\/v2\/media\/3822"}],"wp:attachment":[{"href":"https:\/\/www.radiomarket.fi\/en\/wp-json\/wp\/v2\/media?parent=24375"}],"curies":[{"name":"wp","href":"https:\/\/api.w.org\/{rel}","templated":true}]}}