{"id":24380,"date":"2020-10-05T11:41:27","date_gmt":"2020-10-05T08:41:27","guid":{"rendered":"https:\/\/www.radiomarket.fi\/tuote\/ekua2090-hager-marbella\/"},"modified":"2020-10-05T11:41:27","modified_gmt":"2020-10-05T08:41:27","slug":"ekua2090-hager-marbella","status":"publish","type":"product","link":"https:\/\/www.radiomarket.fi\/en\/kohde\/ekua2090-hager-marbella\/","title":{"rendered":"EKUA2090 H\u00e4ger Marbella"},"content":{"rendered":"P\u00f6yt\u00e4-\/sein\u00e4puhelin. Mustaa ja violettia muovia. Luuri ja musta n\u00e4pp\u00e4imist\u00f6 p\u00e4\u00e4ll\u00e4. Luurissa naarmuja maalissa","protected":false},"excerpt":{"rendered":"<p>P\u00f6yt\u00e4-\/sein\u00e4puhelin. Mustaa ja violettia muovia. Luuri ja musta n\u00e4pp\u00e4imist\u00f6 p\u00e4\u00e4ll\u00e4. Luurissa naarmuja maalissa<\/p>","protected":false},"featured_media":3808,"template":"","meta":[],"_links":{"self":[{"href":"https:\/\/www.radiomarket.fi\/en\/wp-json\/wp\/v2\/product\/24380"}],"collection":[{"href":"https:\/\/www.radiomarket.fi\/en\/wp-json\/wp\/v2\/product"}],"about":[{"href":"https:\/\/www.radiomarket.fi\/en\/wp-json\/wp\/v2\/types\/product"}],"wp:featuredmedia":[{"embeddable":true,"href":"https:\/\/www.radiomarket.fi\/en\/wp-json\/wp\/v2\/media\/3808"}],"wp:attachment":[{"href":"https:\/\/www.radiomarket.fi\/en\/wp-json\/wp\/v2\/media?parent=24380"}],"curies":[{"name":"wp","href":"https:\/\/api.w.org\/{rel}","templated":true}]}}