{"id":24388,"date":"2020-10-05T11:41:30","date_gmt":"2020-10-05T08:41:30","guid":{"rendered":"https:\/\/www.radiomarket.fi\/tuote\/ekua2082-nokia-nhm-7-8310\/"},"modified":"2023-02-02T14:32:15","modified_gmt":"2023-02-02T12:32:15","slug":"ekua2082-nokia-nhm-7-8310","status":"publish","type":"product","link":"https:\/\/www.radiomarket.fi\/en\/kohde\/ekua2082-nokia-nhm-7-8310\/","title":{"rendered":"EKUA2082 Nokia NHM-7 8310 (EKUM)"},"content":{"rendered":"<p>Vaaleanharmaa, tummansininen ja musta muovikuori. Edess\u00e4 ylh\u00e4\u00e4ll\u00e4 n\u00e4ytt\u00f6 ja sen alla harmaat ja siniset n\u00e4pp\u00e4imet.<\/p>","protected":false},"excerpt":{"rendered":"<p>Vaaleanharmaa, tummansininen ja musta muovikuori. Edess\u00e4 ylh\u00e4\u00e4ll\u00e4 n\u00e4ytt\u00f6 ja sen alla harmaat ja siniset n\u00e4pp\u00e4imet.<\/p>","protected":false},"featured_media":3798,"template":"","meta":[],"_links":{"self":[{"href":"https:\/\/www.radiomarket.fi\/en\/wp-json\/wp\/v2\/product\/24388"}],"collection":[{"href":"https:\/\/www.radiomarket.fi\/en\/wp-json\/wp\/v2\/product"}],"about":[{"href":"https:\/\/www.radiomarket.fi\/en\/wp-json\/wp\/v2\/types\/product"}],"wp:featuredmedia":[{"embeddable":true,"href":"https:\/\/www.radiomarket.fi\/en\/wp-json\/wp\/v2\/media\/3798"}],"wp:attachment":[{"href":"https:\/\/www.radiomarket.fi\/en\/wp-json\/wp\/v2\/media?parent=24388"}],"curies":[{"name":"wp","href":"https:\/\/api.w.org\/{rel}","templated":true}]}}