{"id":24391,"date":"2020-10-05T11:41:31","date_gmt":"2020-10-05T08:41:31","guid":{"rendered":"https:\/\/www.radiomarket.fi\/tuote\/ekua2079-nokia-dmd-04143\/"},"modified":"2023-07-01T12:54:58","modified_gmt":"2023-07-01T09:54:58","slug":"ekua2079-nokia-dmd-04143","status":"publish","type":"product","link":"https:\/\/www.radiomarket.fi\/en\/kohde\/ekua2079-nokia-dmd-04143\/","title":{"rendered":"EKUA2079 Nokia 3210, DMD 04143 (EKUM)"},"content":{"rendered":"<p>K\u00e4nnyk\u00e4n vaihtokuori. Etukuori vaaleanvihre\u00e4\u00e4 ja harmaata muovia, takakuori mustaa muovia, johon mahdollisesti itse maalattu kolme sinist\u00e4 noin kolmen senttimetrin levyist\u00e4 raitaa. K\u00e4ytetty, etupuolella kulumaa, mutta ehj\u00e4.<\/p>","protected":false},"excerpt":{"rendered":"<p>K\u00e4nnyk\u00e4n vaihtokuori. Etukuori vaaleanvihre\u00e4\u00e4 ja harmaata muovia, takakuori mustaa muovia, johon mahdollisesti itse maalattu kolme sinist\u00e4 noin kolmen senttimetrin levyist\u00e4 raitaa. K\u00e4ytetty, etupuolella kulumaa, mutta ehj\u00e4.<\/p>","protected":false},"featured_media":3793,"template":"","meta":[],"_links":{"self":[{"href":"https:\/\/www.radiomarket.fi\/en\/wp-json\/wp\/v2\/product\/24391"}],"collection":[{"href":"https:\/\/www.radiomarket.fi\/en\/wp-json\/wp\/v2\/product"}],"about":[{"href":"https:\/\/www.radiomarket.fi\/en\/wp-json\/wp\/v2\/types\/product"}],"wp:featuredmedia":[{"embeddable":true,"href":"https:\/\/www.radiomarket.fi\/en\/wp-json\/wp\/v2\/media\/3793"}],"wp:attachment":[{"href":"https:\/\/www.radiomarket.fi\/en\/wp-json\/wp\/v2\/media?parent=24391"}],"curies":[{"name":"wp","href":"https:\/\/api.w.org\/{rel}","templated":true}]}}