{"id":24397,"date":"2025-11-18T11:41:34","date_gmt":"2025-11-18T09:41:34","guid":{"rendered":"https:\/\/www.radiomarket.fi\/tuote\/ekua2073-tuntematon-tavausaakkoskyltti\/"},"modified":"2025-11-18T13:11:00","modified_gmt":"2025-11-18T11:11:00","slug":"ekua2073-kenttapuhelin-tavausaakkoskyltti","status":"publish","type":"product","link":"https:\/\/www.radiomarket.fi\/en\/kohde\/ekua2073-kenttapuhelin-tavausaakkoskyltti\/","title":{"rendered":"EKUA2073 Kentt\u00e4puhelin Tavausaakkoskyltti (EKUB)"},"content":{"rendered":"<p>Kullanv\u00e4rinen muovikyltti, jossa mustalla teksti \u201dVihollinen kuuntelee\u201d ja lista aakkosista ja numerot 1-10, jokaisen kirjaimen ja numeron j\u00e4lkeen kirjainta vastaava ihmisen nimi ja numeroiden j\u00e4lkeen, ne kirjoitettuina kirjaimin. Listan alapuolella teksti \u201dMuista loppusoitto\u201d. K\u00e4ytt\u00e4m\u00e4t\u00f6n. Viimeisess\u00e4 kappaleessa naarmuja.<\/p>","protected":false},"excerpt":{"rendered":"<p>Kullanv\u00e4rinen muovikyltti, jossa mustalla teksti \u201dVihollinen kuuntelee\u201d ja lista aakkosista ja numerot 1-10, jokaisen kirjaimen ja numeron j\u00e4lkeen kirjainta vastaava ihmisen nimi ja numeroiden j\u00e4lkeen, ne kirjoitettuina kirjaimin. Listan alapuolella teksti \u201dMuista loppusoitto\u201d. K\u00e4ytt\u00e4m\u00e4t\u00f6n. Viimeisess\u00e4 kappaleessa naarmuja.<\/p>","protected":false},"featured_media":3781,"template":"","meta":[],"_links":{"self":[{"href":"https:\/\/www.radiomarket.fi\/en\/wp-json\/wp\/v2\/product\/24397"}],"collection":[{"href":"https:\/\/www.radiomarket.fi\/en\/wp-json\/wp\/v2\/product"}],"about":[{"href":"https:\/\/www.radiomarket.fi\/en\/wp-json\/wp\/v2\/types\/product"}],"wp:featuredmedia":[{"embeddable":true,"href":"https:\/\/www.radiomarket.fi\/en\/wp-json\/wp\/v2\/media\/3781"}],"wp:attachment":[{"href":"https:\/\/www.radiomarket.fi\/en\/wp-json\/wp\/v2\/media?parent=24397"}],"curies":[{"name":"wp","href":"https:\/\/api.w.org\/{rel}","templated":true}]}}