{"id":24401,"date":"2020-10-05T11:41:36","date_gmt":"2020-10-05T08:41:36","guid":{"rendered":"https:\/\/www.radiomarket.fi\/tuote\/ekua2069-tuntematon-abo-5m1\/"},"modified":"2020-10-05T11:41:36","modified_gmt":"2020-10-05T08:41:36","slug":"ekua2069-tuntematon-abo-5m1","status":"publish","type":"product","link":"https:\/\/www.radiomarket.fi\/en\/kohde\/ekua2069-tuntematon-abo-5m1\/","title":{"rendered":"EKUA2069 Tuntematon ABO-5M1"},"content":{"rendered":"Musta metallinen laatikko, sis\u00e4ll\u00e4 ampeeri- ja volttimittari. Irtokansi.","protected":false},"excerpt":{"rendered":"<p>Musta metallinen laatikko, sis\u00e4ll\u00e4 ampeeri- ja volttimittari. Irtokansi.<\/p>","protected":false},"featured_media":3775,"template":"","meta":[],"_links":{"self":[{"href":"https:\/\/www.radiomarket.fi\/en\/wp-json\/wp\/v2\/product\/24401"}],"collection":[{"href":"https:\/\/www.radiomarket.fi\/en\/wp-json\/wp\/v2\/product"}],"about":[{"href":"https:\/\/www.radiomarket.fi\/en\/wp-json\/wp\/v2\/types\/product"}],"wp:featuredmedia":[{"embeddable":true,"href":"https:\/\/www.radiomarket.fi\/en\/wp-json\/wp\/v2\/media\/3775"}],"wp:attachment":[{"href":"https:\/\/www.radiomarket.fi\/en\/wp-json\/wp\/v2\/media?parent=24401"}],"curies":[{"name":"wp","href":"https:\/\/api.w.org\/{rel}","templated":true}]}}