{"id":24404,"date":"2020-10-05T11:41:37","date_gmt":"2020-10-05T08:41:37","guid":{"rendered":"https:\/\/www.radiomarket.fi\/tuote\/ekua2064-philips-90al-76340\/"},"modified":"2025-12-09T14:42:03","modified_gmt":"2025-12-09T12:42:03","slug":"ekua2064-philips-90al-76340","status":"publish","type":"product","link":"https:\/\/www.radiomarket.fi\/en\/kohde\/ekua2064-philips-90al-76340\/","title":{"rendered":"EKUA2064 Philips 90AL 76340"},"content":{"rendered":"<p>Mustaa ja harmaata muovia. Edess\u00e4 ylh\u00e4\u00e4ll\u00e4 oikealla vaaka-asteikko ja sen alla kaiutin, jonka edess\u00e4 musta muoviritil\u00e4. P\u00e4\u00e4ll\u00e4 radion s\u00e4\u00e4t\u00f6painikkeet ja -nupit, antenni ja kantokahva. Takana paikka virtajohdolle ja paristokotelo, toimii kuudella 1,5 V paristolla. Virtakytkin vaihdettu. Kuori tuunattavissa, tarvitsee voitelua.<\/p>","protected":false},"excerpt":{"rendered":"<p>Mustaa ja harmaata muovia. Edess\u00e4 ylh\u00e4\u00e4ll\u00e4 oikealla vaaka-asteikko ja sen alla kaiutin, jonka edess\u00e4 musta muoviritil\u00e4. P\u00e4\u00e4ll\u00e4 radion s\u00e4\u00e4t\u00f6painikkeet ja -nupit, antenni ja kantokahva. Takana paikka virtajohdolle ja paristokotelo, toimii kuudella 1,5 V paristolla. Virtakytkin vaihdettu. Kuori tuunattavissa, tarvitsee voitelua.<\/p>","protected":false},"featured_media":3766,"template":"","meta":[],"_links":{"self":[{"href":"https:\/\/www.radiomarket.fi\/en\/wp-json\/wp\/v2\/product\/24404"}],"collection":[{"href":"https:\/\/www.radiomarket.fi\/en\/wp-json\/wp\/v2\/product"}],"about":[{"href":"https:\/\/www.radiomarket.fi\/en\/wp-json\/wp\/v2\/types\/product"}],"wp:featuredmedia":[{"embeddable":true,"href":"https:\/\/www.radiomarket.fi\/en\/wp-json\/wp\/v2\/media\/3766"}],"wp:attachment":[{"href":"https:\/\/www.radiomarket.fi\/en\/wp-json\/wp\/v2\/media?parent=24404"}],"curies":[{"name":"wp","href":"https:\/\/api.w.org\/{rel}","templated":true}]}}