{"id":24405,"date":"2020-10-05T11:41:38","date_gmt":"2020-10-05T08:41:38","guid":{"rendered":"https:\/\/www.radiomarket.fi\/tuote\/ekua2063-philips-s-24-t-497\/"},"modified":"2020-11-10T07:44:44","modified_gmt":"2020-11-10T05:44:44","slug":"ekua2063-philips-s-24-t-497","status":"publish","type":"product","link":"https:\/\/www.radiomarket.fi\/en\/kohde\/ekua2063-philips-s-24-t-497\/","title":{"rendered":"EKUA2063 Philips S 24 T 497"},"content":{"rendered":"Nupit mustaa muovia ja hopeanv\u00e4rist\u00e4 metallia. Yksi suorakulmion muotoinen nuppi, nelj\u00e4 noin 1 cm halkaisijaltaan olevaa nuppia, yksi noin 0,5 cm halkaisijaltaan oleva nuppi ja kolme noin 0,5 cm halkaisijaltaan olevien nuppien metallip\u00e4\u00e4llyst\u00e4.","protected":false},"excerpt":{"rendered":"<p>Nupit mustaa muovia ja hopeanv\u00e4rist\u00e4 metallia. Yksi suorakulmion muotoinen nuppi, nelj\u00e4 noin 1 cm halkaisijaltaan olevaa nuppia, yksi noin 0,5 cm halkaisijaltaan oleva nuppi ja kolme noin 0,5 cm halkaisijaltaan olevien nuppien metallip\u00e4\u00e4llyst\u00e4.<\/p>","protected":false},"featured_media":3764,"template":"","meta":[],"_links":{"self":[{"href":"https:\/\/www.radiomarket.fi\/en\/wp-json\/wp\/v2\/product\/24405"}],"collection":[{"href":"https:\/\/www.radiomarket.fi\/en\/wp-json\/wp\/v2\/product"}],"about":[{"href":"https:\/\/www.radiomarket.fi\/en\/wp-json\/wp\/v2\/types\/product"}],"wp:featuredmedia":[{"embeddable":true,"href":"https:\/\/www.radiomarket.fi\/en\/wp-json\/wp\/v2\/media\/3764"}],"wp:attachment":[{"href":"https:\/\/www.radiomarket.fi\/en\/wp-json\/wp\/v2\/media?parent=24405"}],"curies":[{"name":"wp","href":"https:\/\/api.w.org\/{rel}","templated":true}]}}