{"id":24407,"date":"2024-04-04T11:41:38","date_gmt":"2024-04-04T08:41:38","guid":{"rendered":"https:\/\/www.radiomarket.fi\/tuote\/ekua2058-tuntematon-puhelinpoyta\/"},"modified":"2024-04-04T19:28:11","modified_gmt":"2024-04-04T16:28:11","slug":"ekua2058-puinen-puhelinpoyta-sisustukseen","status":"publish","type":"product","link":"https:\/\/www.radiomarket.fi\/en\/kohde\/ekua2058-puinen-puhelinpoyta-sisustukseen\/","title":{"rendered":"EKUA2058 Puinen puhelinp\u00f6yt\u00e4 vuokrataan rekvisiittak\u00e4ytt\u00f6\u00f6n"},"content":{"rendered":"<p>Ruskeaksi maalattu patinoitunut puhelinp\u00f6yt\u00e4. K\u00e4yt\u00f6n j\u00e4lke\u00e4 ja kolhuja. Vasemmalla puhelintaso, jonka alla hylly ja laatikko. Laatikon nupin ruuvi vino, nuppi ehj\u00e4, restauroitavissa ruuvin vaihtamalla. Oikealla pehmustettu penkki. Ei toimiteta postilla tai matkahuollolla tuotteen koon puolesta. Sovi vuokrahinta- ja aika s\u00e4hk\u00f6postilla tai puhelimella aukioloaikoina tai tiedustele noutomahdollisuutta tai muita toimitusmahdollisuuksiamme!<\/p>","protected":false},"excerpt":{"rendered":"<p>Ruskeaksi maalattu patinoitunut puhelinp\u00f6yt\u00e4. K\u00e4yt\u00f6n j\u00e4lke\u00e4 ja kolhuja. Vasemmalla puhelintaso, jonka alla hylly ja laatikko. Laatikon nupin ruuvi vino, nuppi ehj\u00e4, restauroitavissa ruuvin vaihtamalla. Oikealla pehmustettu penkki. Ei toimiteta postilla tai matkahuollolla tuotteen koon puolesta. Sovi vuokrahinta- ja aika s\u00e4hk\u00f6postilla tai puhelimella aukioloaikoina tai tiedustele noutomahdollisuutta tai muita toimitusmahdollisuuksiamme!<\/p>","protected":false},"featured_media":3758,"template":"","meta":[],"_links":{"self":[{"href":"https:\/\/www.radiomarket.fi\/en\/wp-json\/wp\/v2\/product\/24407"}],"collection":[{"href":"https:\/\/www.radiomarket.fi\/en\/wp-json\/wp\/v2\/product"}],"about":[{"href":"https:\/\/www.radiomarket.fi\/en\/wp-json\/wp\/v2\/types\/product"}],"wp:featuredmedia":[{"embeddable":true,"href":"https:\/\/www.radiomarket.fi\/en\/wp-json\/wp\/v2\/media\/3758"}],"wp:attachment":[{"href":"https:\/\/www.radiomarket.fi\/en\/wp-json\/wp\/v2\/media?parent=24407"}],"curies":[{"name":"wp","href":"https:\/\/api.w.org\/{rel}","templated":true}]}}