{"id":24414,"date":"2020-10-05T11:41:41","date_gmt":"2020-10-05T08:41:41","guid":{"rendered":"https:\/\/www.radiomarket.fi\/tuote\/ekua2048-mobira-talkman-4624750-ul50\/"},"modified":"2022-05-02T14:16:59","modified_gmt":"2022-05-02T11:16:59","slug":"ekua2048-mobira-talkman-4624750-ul50","status":"publish","type":"product","link":"https:\/\/www.radiomarket.fi\/en\/kohde\/ekua2048-mobira-talkman-4624750-ul50\/","title":{"rendered":"EKUA2048 Mobira Talkman 4624750 UL50 (EKUM)"},"content":{"rendered":"<p>Matkapuhelin NMT\/ARP Mobiltelefon. Mustaa metallia ja muovia oleva \u201dalusta\u201d. Takana kapasiteettimittari, painike (TEST) ja Telehallintokeskuksen hyv\u00e4ksytty luvatta tarra. P\u00e4\u00e4ll\u00e4 tyyppitarra ja metallinen liitin.<br \/><br \/>Katso my\u00f6s EKUA6113x ja EKUA6113.<\/p>","protected":false},"excerpt":{"rendered":"<p>Matkapuhelin NMT\/ARP Mobiltelefon. Mustaa metallia ja muovia oleva \u201dalusta\u201d. Takana kapasiteettimittari, painike (TEST) ja Telehallintokeskuksen hyv\u00e4ksytty luvatta tarra. P\u00e4\u00e4ll\u00e4 tyyppitarra ja metallinen liitin.Katso my\u00f6s EKUA6113x ja EKUA6113.<\/p>","protected":false},"featured_media":3742,"template":"","meta":[],"_links":{"self":[{"href":"https:\/\/www.radiomarket.fi\/en\/wp-json\/wp\/v2\/product\/24414"}],"collection":[{"href":"https:\/\/www.radiomarket.fi\/en\/wp-json\/wp\/v2\/product"}],"about":[{"href":"https:\/\/www.radiomarket.fi\/en\/wp-json\/wp\/v2\/types\/product"}],"wp:featuredmedia":[{"embeddable":true,"href":"https:\/\/www.radiomarket.fi\/en\/wp-json\/wp\/v2\/media\/3742"}],"wp:attachment":[{"href":"https:\/\/www.radiomarket.fi\/en\/wp-json\/wp\/v2\/media?parent=24414"}],"curies":[{"name":"wp","href":"https:\/\/api.w.org\/{rel}","templated":true}]}}