{"id":24418,"date":"2020-10-05T11:41:43","date_gmt":"2020-10-05T08:41:43","guid":{"rendered":"https:\/\/www.radiomarket.fi\/tuote\/ekua2044-tuntematon-bst\/"},"modified":"2024-06-03T10:05:49","modified_gmt":"2024-06-03T07:05:49","slug":"ekua2044-tuntematon-bst","status":"publish","type":"product","link":"https:\/\/www.radiomarket.fi\/en\/kohde\/ekua2044-tuntematon-bst\/","title":{"rendered":"EKUA2044 Puhelinkeskuskello BST (?)"},"content":{"rendered":"<p>Kello py\u00f6re\u00e4nmallinen k\u00e4siv\u00e4litteisen puhelinkeskuksen laskutuskello. Hopeanv\u00e4rist\u00e4 metallia. Kellotaulupaperi valkoinen ja keltainen, numerot tummanpunaisella. Kellotaulun edess\u00e4 pit\u00e4isi olla lasi (t\u00e4st\u00e4 puuttuu) ja takana koneiston p\u00e4\u00e4ll\u00e4 pronssinv\u00e4rinen kello (t\u00e4st\u00e4 puuttuu). Kellotaulussa logo, jossa luultavasti kirjaimet BST. Kellolla ei jalustaa.<\/p>","protected":false},"excerpt":{"rendered":"<p>Kello py\u00f6re\u00e4nmallinen k\u00e4siv\u00e4litteisen puhelinkeskuksen laskutuskello. Hopeanv\u00e4rist\u00e4 metallia. Kellotaulupaperi valkoinen ja keltainen, numerot tummanpunaisella. Kellotaulun edess\u00e4 pit\u00e4isi olla lasi (t\u00e4st\u00e4 puuttuu) ja takana koneiston p\u00e4\u00e4ll\u00e4 pronssinv\u00e4rinen kello (t\u00e4st\u00e4 puuttuu). Kellotaulussa logo, jossa luultavasti kirjaimet BST. Kellolla ei jalustaa.<\/p>","protected":false},"featured_media":3737,"template":"","meta":[],"_links":{"self":[{"href":"https:\/\/www.radiomarket.fi\/en\/wp-json\/wp\/v2\/product\/24418"}],"collection":[{"href":"https:\/\/www.radiomarket.fi\/en\/wp-json\/wp\/v2\/product"}],"about":[{"href":"https:\/\/www.radiomarket.fi\/en\/wp-json\/wp\/v2\/types\/product"}],"wp:featuredmedia":[{"embeddable":true,"href":"https:\/\/www.radiomarket.fi\/en\/wp-json\/wp\/v2\/media\/3737"}],"wp:attachment":[{"href":"https:\/\/www.radiomarket.fi\/en\/wp-json\/wp\/v2\/media?parent=24418"}],"curies":[{"name":"wp","href":"https:\/\/api.w.org\/{rel}","templated":true}]}}