{"id":24423,"date":"2020-10-05T11:41:45","date_gmt":"2020-10-05T08:41:45","guid":{"rendered":"https:\/\/www.radiomarket.fi\/tuote\/ekua2037-automatic-tfa-58\/"},"modified":"2020-10-05T11:41:45","modified_gmt":"2020-10-05T08:41:45","slug":"ekua2037-automatic-tfa-58","status":"publish","type":"product","link":"https:\/\/www.radiomarket.fi\/en\/kohde\/ekua2037-automatic-tfa-58\/","title":{"rendered":"EKUA2037 Automatic TFA 58"},"content":{"rendered":"Kuuloke- ja mikrofoniyhdistelm\u00e4, jota k\u00e4ytetty puhelinkeskuksissa. Metallia ja bakeliittia. Johtojen ymp\u00e4rill\u00e4 mustaa kudosta. Vaikuttaa kuin kaksi mikrofoni-kuulokeyhdistelm\u00e4\u00e4 olisi laitettu yhteen, ne johdoista kiinni toisissaan. Puuttuu mahdollisesti jotain. Mikrofoni hieman rikki.","protected":false},"excerpt":{"rendered":"<p>Kuuloke- ja mikrofoniyhdistelm\u00e4, jota k\u00e4ytetty puhelinkeskuksissa. Metallia ja bakeliittia. Johtojen ymp\u00e4rill\u00e4 mustaa kudosta. Vaikuttaa kuin kaksi mikrofoni-kuulokeyhdistelm\u00e4\u00e4 olisi laitettu yhteen, ne johdoista kiinni toisissaan. Puuttuu mahdollisesti jotain. Mikrofoni hieman rikki.<\/p>","protected":false},"featured_media":3730,"template":"","meta":[],"_links":{"self":[{"href":"https:\/\/www.radiomarket.fi\/en\/wp-json\/wp\/v2\/product\/24423"}],"collection":[{"href":"https:\/\/www.radiomarket.fi\/en\/wp-json\/wp\/v2\/product"}],"about":[{"href":"https:\/\/www.radiomarket.fi\/en\/wp-json\/wp\/v2\/types\/product"}],"wp:featuredmedia":[{"embeddable":true,"href":"https:\/\/www.radiomarket.fi\/en\/wp-json\/wp\/v2\/media\/3730"}],"wp:attachment":[{"href":"https:\/\/www.radiomarket.fi\/en\/wp-json\/wp\/v2\/media?parent=24423"}],"curies":[{"name":"wp","href":"https:\/\/api.w.org\/{rel}","templated":true}]}}