{"id":24424,"date":"2020-10-05T11:41:45","date_gmt":"2020-10-05T08:41:45","guid":{"rendered":"https:\/\/www.radiomarket.fi\/tuote\/ekua2036-tuntematon-v2001a\/"},"modified":"2020-10-05T11:41:45","modified_gmt":"2020-10-05T08:41:45","slug":"ekua2036-tuntematon-v2001a","status":"publish","type":"product","link":"https:\/\/www.radiomarket.fi\/en\/kohde\/ekua2036-tuntematon-v2001a\/","title":{"rendered":"EKUA2036 Tuntematon V2001A"},"content":{"rendered":"Kuuloke- ja mikrofoniyhdistelm\u00e4, jota k\u00e4ytetty puhelinkeskuksissa. Metallia, bakeliittia ja vaaleaa kangasta. Nelj\u00e4n johdon ymp\u00e4rill\u00e4 mustaa kudosta.","protected":false},"excerpt":{"rendered":"<p>Kuuloke- ja mikrofoniyhdistelm\u00e4, jota k\u00e4ytetty puhelinkeskuksissa. Metallia, bakeliittia ja vaaleaa kangasta. Nelj\u00e4n johdon ymp\u00e4rill\u00e4 mustaa kudosta.<\/p>","protected":false},"featured_media":3729,"template":"","meta":[],"_links":{"self":[{"href":"https:\/\/www.radiomarket.fi\/en\/wp-json\/wp\/v2\/product\/24424"}],"collection":[{"href":"https:\/\/www.radiomarket.fi\/en\/wp-json\/wp\/v2\/product"}],"about":[{"href":"https:\/\/www.radiomarket.fi\/en\/wp-json\/wp\/v2\/types\/product"}],"wp:featuredmedia":[{"embeddable":true,"href":"https:\/\/www.radiomarket.fi\/en\/wp-json\/wp\/v2\/media\/3729"}],"wp:attachment":[{"href":"https:\/\/www.radiomarket.fi\/en\/wp-json\/wp\/v2\/media?parent=24424"}],"curies":[{"name":"wp","href":"https:\/\/api.w.org\/{rel}","templated":true}]}}