{"id":24433,"date":"2020-10-05T11:41:48","date_gmt":"2020-10-05T08:41:48","guid":{"rendered":"https:\/\/www.radiomarket.fi\/tuote\/ekua2024-sodeco-teletaxe-btl-2602-1\/"},"modified":"2020-10-05T11:41:48","modified_gmt":"2020-10-05T08:41:48","slug":"ekua2024-sodeco-teletaxe-btl-2602-1","status":"publish","type":"product","link":"https:\/\/www.radiomarket.fi\/en\/kohde\/ekua2024-sodeco-teletaxe-btl-2602-1\/","title":{"rendered":"EKUA2024 Sodeco Teletaxe BTL 2602-1"},"content":{"rendered":"Vaaleaa ja harmaata muovia ja metallia. P\u00e4\u00e4ll\u00e4 syk\u00e4yksi\u00e4 laskeva taksamittari ja kokonaism\u00e4\u00e4r\u00e4\u00e4 n\u00e4ytt\u00e4v\u00e4 mittari, jossa luku \u201d015725\u201d. P\u00e4\u00e4ll\u00e4 kaksi painiketta punainen nollauspainike ja valkoinen painike. 60V, 16 kHz, E.","protected":false},"excerpt":{"rendered":"<p>Vaaleaa ja harmaata muovia ja metallia. P\u00e4\u00e4ll\u00e4 syk\u00e4yksi\u00e4 laskeva taksamittari ja kokonaism\u00e4\u00e4r\u00e4\u00e4 n\u00e4ytt\u00e4v\u00e4 mittari, jossa luku \u201d015725\u201d. P\u00e4\u00e4ll\u00e4 kaksi painiketta punainen nollauspainike ja valkoinen painike. 60V, 16 kHz, E.<\/p>","protected":false},"featured_media":3404,"template":"","meta":[],"_links":{"self":[{"href":"https:\/\/www.radiomarket.fi\/en\/wp-json\/wp\/v2\/product\/24433"}],"collection":[{"href":"https:\/\/www.radiomarket.fi\/en\/wp-json\/wp\/v2\/product"}],"about":[{"href":"https:\/\/www.radiomarket.fi\/en\/wp-json\/wp\/v2\/types\/product"}],"wp:featuredmedia":[{"embeddable":true,"href":"https:\/\/www.radiomarket.fi\/en\/wp-json\/wp\/v2\/media\/3404"}],"wp:attachment":[{"href":"https:\/\/www.radiomarket.fi\/en\/wp-json\/wp\/v2\/media?parent=24433"}],"curies":[{"name":"wp","href":"https:\/\/api.w.org\/{rel}","templated":true}]}}