{"id":24434,"date":"2020-10-05T11:41:48","date_gmt":"2020-10-05T08:41:48","guid":{"rendered":"https:\/\/www.radiomarket.fi\/tuote\/ekua2023-panasonic-easa-phone-kx-t9000bsh-xfl\/"},"modified":"2020-10-05T11:41:48","modified_gmt":"2020-10-05T08:41:48","slug":"ekua2023-panasonic-easa-phone-kx-t9000bsh-xfl","status":"publish","type":"product","link":"https:\/\/www.radiomarket.fi\/en\/kohde\/ekua2023-panasonic-easa-phone-kx-t9000bsh-xfl\/","title":{"rendered":"EKUA2023 Panasonic Easa-phone KX-T9000BSH (XFL)"},"content":{"rendered":"Mustaa muovia. Johdoton luuri, jossa n\u00e4pp\u00e4imist\u00f6 l\u00e4p\u00e4n alla. Antennit poikki. Luurin akku ei pysy kunnolla kiinni.","protected":false},"excerpt":{"rendered":"<p>Mustaa muovia. Johdoton luuri, jossa n\u00e4pp\u00e4imist\u00f6 l\u00e4p\u00e4n alla. Antennit poikki. Luurin akku ei pysy kunnolla kiinni.<\/p>","protected":false},"featured_media":3712,"template":"","meta":[],"_links":{"self":[{"href":"https:\/\/www.radiomarket.fi\/en\/wp-json\/wp\/v2\/product\/24434"}],"collection":[{"href":"https:\/\/www.radiomarket.fi\/en\/wp-json\/wp\/v2\/product"}],"about":[{"href":"https:\/\/www.radiomarket.fi\/en\/wp-json\/wp\/v2\/types\/product"}],"wp:featuredmedia":[{"embeddable":true,"href":"https:\/\/www.radiomarket.fi\/en\/wp-json\/wp\/v2\/media\/3712"}],"wp:attachment":[{"href":"https:\/\/www.radiomarket.fi\/en\/wp-json\/wp\/v2\/media?parent=24434"}],"curies":[{"name":"wp","href":"https:\/\/api.w.org\/{rel}","templated":true}]}}