{"id":24440,"date":"2020-10-05T11:41:51","date_gmt":"2020-10-05T08:41:51","guid":{"rendered":"https:\/\/www.radiomarket.fi\/tuote\/ekua2014-palca-pa-4001\/"},"modified":"2020-10-05T11:41:51","modified_gmt":"2020-10-05T08:41:51","slug":"ekua2014-palca-pa-4001","status":"publish","type":"product","link":"https:\/\/www.radiomarket.fi\/en\/kohde\/ekua2014-palca-pa-4001\/","title":{"rendered":"EKUA2014 Palca PA-4001"},"content":{"rendered":"Kielistudioissa yleisesti k\u00e4ytetyt s\u00e4\u00e4dett\u00e4v\u00e4t kuulokkeet. Valkoista muovia, mustaa tekonahkaa, kumia ja metallia. Suunnilleen metrin mittainen valkoinen kierrejohto. 600 OHM. 6,3 mono pistike","protected":false},"excerpt":{"rendered":"<p>Kielistudioissa yleisesti k\u00e4ytetyt s\u00e4\u00e4dett\u00e4v\u00e4t kuulokkeet. Valkoista muovia, mustaa tekonahkaa, kumia ja metallia. Suunnilleen metrin mittainen valkoinen kierrejohto. 600 OHM. 6,3 mono pistike<\/p>","protected":false},"featured_media":3697,"template":"","meta":[],"_links":{"self":[{"href":"https:\/\/www.radiomarket.fi\/en\/wp-json\/wp\/v2\/product\/24440"}],"collection":[{"href":"https:\/\/www.radiomarket.fi\/en\/wp-json\/wp\/v2\/product"}],"about":[{"href":"https:\/\/www.radiomarket.fi\/en\/wp-json\/wp\/v2\/types\/product"}],"wp:featuredmedia":[{"embeddable":true,"href":"https:\/\/www.radiomarket.fi\/en\/wp-json\/wp\/v2\/media\/3697"}],"wp:attachment":[{"href":"https:\/\/www.radiomarket.fi\/en\/wp-json\/wp\/v2\/media?parent=24440"}],"curies":[{"name":"wp","href":"https:\/\/api.w.org\/{rel}","templated":true}]}}