{"id":24448,"date":"2020-10-05T11:41:56","date_gmt":"2020-10-05T08:41:56","guid":{"rendered":"https:\/\/www.radiomarket.fi\/tuote\/ekua1099-dux-frankie-v-1421\/"},"modified":"2023-05-30T22:29:33","modified_gmt":"2023-05-30T19:29:33","slug":"ekua1099-dux-frankie-v-1421","status":"publish","type":"product","link":"https:\/\/www.radiomarket.fi\/en\/kohde\/ekua1099-dux-frankie-v-1421\/","title":{"rendered":"EKUA1099 Dux Frankie V 1421 (EKUS)"},"content":{"rendered":"<p>Ruotsalainen asteikko. Takalevy puuttuu, ei putkia, ei pikkunuppeja, ei painonappeja. Levysoitin kannen alla. Kaiutinelementit 2x Philips AD3700AM. Isot ja keskikokoiset nupit osin rikki, haurasta materiaalia. Chassis G6A, k\u00e4ytetty mm. malleissa Philips H4S03A \/ Philips B4S01A \/ Conserton V7041 \/ DUX V1411. Koneisto vaikuttaa samalta kuin lis\u00e4ksi mallissa Dux Stereo V413. T\u00e4ss\u00e4 mallissa on ollut jalat, jalkoja ei mukana. Korkeus jalkojen kanssa 71,5 cm.<\/p>","protected":false},"excerpt":{"rendered":"<p>Ruotsalainen asteikko. Takalevy puuttuu, ei putkia, ei pikkunuppeja, ei painonappeja. Levysoitin kannen alla. Kaiutinelementit 2x Philips AD3700AM. Isot ja keskikokoiset nupit osin rikki, haurasta materiaalia. Chassis G6A, k\u00e4ytetty mm. malleissa Philips H4S03A \/ Philips B4S01A \/ Conserton V7041 \/ DUX V1411. Koneisto vaikuttaa samalta kuin lis\u00e4ksi mallissa Dux Stereo V413. T\u00e4ss\u00e4 mallissa on ollut jalat, &hellip;<\/p>\n<p class=\"read-more\"> <a class=\"thunk-readmore button\" href=\"https:\/\/www.radiomarket.fi\/en\/kohde\/ekua1099-dux-frankie-v-1421\/\"> <span class=\"screen-reader-text\">EKUA1099 Dux Frankie V 1421 (EKUS)<\/span>Read More<\/a><\/p>","protected":false},"featured_media":3399,"template":"","meta":[],"_links":{"self":[{"href":"https:\/\/www.radiomarket.fi\/en\/wp-json\/wp\/v2\/product\/24448"}],"collection":[{"href":"https:\/\/www.radiomarket.fi\/en\/wp-json\/wp\/v2\/product"}],"about":[{"href":"https:\/\/www.radiomarket.fi\/en\/wp-json\/wp\/v2\/types\/product"}],"wp:featuredmedia":[{"embeddable":true,"href":"https:\/\/www.radiomarket.fi\/en\/wp-json\/wp\/v2\/media\/3399"}],"wp:attachment":[{"href":"https:\/\/www.radiomarket.fi\/en\/wp-json\/wp\/v2\/media?parent=24448"}],"curies":[{"name":"wp","href":"https:\/\/api.w.org\/{rel}","templated":true}]}}