{"id":24467,"date":"2024-04-06T11:42:04","date_gmt":"2024-04-06T08:42:04","guid":{"rendered":"https:\/\/www.radiomarket.fi\/tuote\/ekua1078-tuntematon-p-300g\/"},"modified":"2024-04-06T16:12:18","modified_gmt":"2024-04-06T13:12:18","slug":"ekua1078-tuntematon-p-300g","status":"publish","type":"product","link":"https:\/\/www.radiomarket.fi\/en\/kohde\/ekua1078-tuntematon-p-300g\/","title":{"rendered":"EKUA1078 Puhelinkeskuksen nauhapaino &#8220;P&#8221; 300g"},"content":{"rendered":"<p>Puhelinkeskuksen johtojen punnuksia. Johtopaino puhelinvaihde k\u00e4siv\u00e4litteinen nauhapunnus. Katso my\u00f6s EKUA1077.<\/p>","protected":false},"excerpt":{"rendered":"<p>Kirjetoimitustuotteita kannattaa tilata useampi samalla kertaa, toimituskulut nousevat vain \u20ac0,10 per lis\u00e4tty tuote (v. 2024 hinnaston mukaan).<\/p>","protected":false},"featured_media":3354,"template":"","meta":[],"_links":{"self":[{"href":"https:\/\/www.radiomarket.fi\/en\/wp-json\/wp\/v2\/product\/24467"}],"collection":[{"href":"https:\/\/www.radiomarket.fi\/en\/wp-json\/wp\/v2\/product"}],"about":[{"href":"https:\/\/www.radiomarket.fi\/en\/wp-json\/wp\/v2\/types\/product"}],"wp:featuredmedia":[{"embeddable":true,"href":"https:\/\/www.radiomarket.fi\/en\/wp-json\/wp\/v2\/media\/3354"}],"wp:attachment":[{"href":"https:\/\/www.radiomarket.fi\/en\/wp-json\/wp\/v2\/media?parent=24467"}],"curies":[{"name":"wp","href":"https:\/\/api.w.org\/{rel}","templated":true}]}}