{"id":24496,"date":"2020-10-05T11:42:21","date_gmt":"2020-10-05T08:42:21","guid":{"rendered":"https:\/\/www.radiomarket.fi\/tuote\/ekua1048-schaub-ws42-weltsuper-42\/"},"modified":"2022-07-18T16:37:22","modified_gmt":"2022-07-18T13:37:22","slug":"ekua1048-schaub-ws42-weltsuper-42","status":"publish","type":"product","link":"https:\/\/www.radiomarket.fi\/en\/kohde\/ekua1048-schaub-ws42-weltsuper-42\/","title":{"rendered":"EKUA1048 Schaub (WS42) Weltsuper 42 (EKUS)"},"content":{"rendered":"<p>N\u00e4k\u00f6viritysputki (silm\u00e4putki) on. Muut putket puuttuu. Hyv\u00e4 kotelo. Asteikko ilmeisesti Ruotsin vienti\u00e4. Kotelo bakeliittia. T\u00e4m\u00e4 yksil\u00f6 silm\u00e4putkella (vrt EKUA9830). Takakansi irtonainen.<\/p>","protected":false},"excerpt":{"rendered":"<p>N\u00e4k\u00f6viritysputki (silm\u00e4putki) on. Muut putket puuttuu. Hyv\u00e4 kotelo. Asteikko ilmeisesti Ruotsin vienti\u00e4. Kotelo bakeliittia. T\u00e4m\u00e4 yksil\u00f6 silm\u00e4putkella (vrt EKUA9830). Takakansi irtonainen.<\/p>","protected":false},"featured_media":3258,"template":"","meta":[],"_links":{"self":[{"href":"https:\/\/www.radiomarket.fi\/en\/wp-json\/wp\/v2\/product\/24496"}],"collection":[{"href":"https:\/\/www.radiomarket.fi\/en\/wp-json\/wp\/v2\/product"}],"about":[{"href":"https:\/\/www.radiomarket.fi\/en\/wp-json\/wp\/v2\/types\/product"}],"wp:featuredmedia":[{"embeddable":true,"href":"https:\/\/www.radiomarket.fi\/en\/wp-json\/wp\/v2\/media\/3258"}],"wp:attachment":[{"href":"https:\/\/www.radiomarket.fi\/en\/wp-json\/wp\/v2\/media?parent=24496"}],"curies":[{"name":"wp","href":"https:\/\/api.w.org\/{rel}","templated":true}]}}