{"id":24501,"date":"2024-09-17T11:42:23","date_gmt":"2024-09-17T08:42:23","guid":{"rendered":"https:\/\/www.radiomarket.fi\/tuote\/ekua1043-philips-bsf-543-a\/"},"modified":"2024-10-05T12:31:48","modified_gmt":"2024-10-05T09:31:48","slug":"ekua1043-philips-bsf-543-a","status":"publish","type":"product","link":"https:\/\/www.radiomarket.fi\/en\/kohde\/ekua1043-philips-bsf-543-a\/","title":{"rendered":"EKUA1043 Philips BSF 543 A puretaan (EKUM)"},"content":{"rendered":"<p>Puretaan. Tiedustele tarvitsemiasi osia. Tuotteen hinta j\u00e4ljell\u00e4 olevien varaosien arvioitu kokonaishinta.<br \/><br \/>J\u00e4ljell\u00e4 nupit, kaiutinelementin ja chassiksen kiinnitysruuveja ja kotelo kankaan ja listan kanssa.<br \/><br \/><strong>Ainakin seuraavat osat puuttuvat tai rikki:<\/strong><br \/><br \/>Kangas rispaantunut. <br \/>Kotelo haljennut vasemmasta alakulmasta. Kotelon mallitarrassa my\u00f6s \u201dNo 1164\u201d.<br \/>Ei putkia. <br \/>Ei takakantta.<br \/>Asteikkolasi myyty varaosiksi.<br \/>Koneisto ja kaiutinelementti myyty varaosaksi.<\/p>","protected":false},"excerpt":{"rendered":"<p>Puretaan. Tiedustele tarvitsemiasi osia. Tuotteen hinta j\u00e4ljell\u00e4 olevien varaosien arvioitu kokonaishinta.J\u00e4ljell\u00e4 nupit, kaiutinelementin ja chassiksen kiinnitysruuveja ja kotelo kankaan ja listan kanssa.Ainakin seuraavat osat puuttuvat tai rikki:Kangas rispaantunut. Kotelo haljennut vasemmasta alakulmasta. Kotelon mallitarrassa my\u00f6s \u201dNo 1164\u201d.Ei putkia. Ei takakantta.Asteikkolasi myyty varaosiksi.Koneisto ja kaiutinelementti myyty varaosaksi.<\/p>","protected":false},"featured_media":3243,"template":"","meta":[],"_links":{"self":[{"href":"https:\/\/www.radiomarket.fi\/en\/wp-json\/wp\/v2\/product\/24501"}],"collection":[{"href":"https:\/\/www.radiomarket.fi\/en\/wp-json\/wp\/v2\/product"}],"about":[{"href":"https:\/\/www.radiomarket.fi\/en\/wp-json\/wp\/v2\/types\/product"}],"wp:featuredmedia":[{"embeddable":true,"href":"https:\/\/www.radiomarket.fi\/en\/wp-json\/wp\/v2\/media\/3243"}],"wp:attachment":[{"href":"https:\/\/www.radiomarket.fi\/en\/wp-json\/wp\/v2\/media?parent=24501"}],"curies":[{"name":"wp","href":"https:\/\/api.w.org\/{rel}","templated":true}]}}