{"id":24503,"date":"2020-10-05T11:42:24","date_gmt":"2020-10-05T08:42:24","guid":{"rendered":"https:\/\/www.radiomarket.fi\/tuote\/ekua1041-blaupunkt-putkiradio\/"},"modified":"2020-10-05T11:42:24","modified_gmt":"2020-10-05T08:42:24","slug":"ekua1041-blaupunkt-putkiradio","status":"publish","type":"product","link":"https:\/\/www.radiomarket.fi\/en\/kohde\/ekua1041-blaupunkt-putkiradio\/","title":{"rendered":"EKUA1041 Blaupunkt Putkiradio"},"content":{"rendered":"Ei takakantta. Kotelossa j\u00e4lki\u00e4.","protected":false},"excerpt":{"rendered":"<p>Ei takakantta. Kotelossa j\u00e4lki\u00e4.<\/p>","protected":false},"featured_media":3234,"template":"","meta":[],"_links":{"self":[{"href":"https:\/\/www.radiomarket.fi\/en\/wp-json\/wp\/v2\/product\/24503"}],"collection":[{"href":"https:\/\/www.radiomarket.fi\/en\/wp-json\/wp\/v2\/product"}],"about":[{"href":"https:\/\/www.radiomarket.fi\/en\/wp-json\/wp\/v2\/types\/product"}],"wp:featuredmedia":[{"embeddable":true,"href":"https:\/\/www.radiomarket.fi\/en\/wp-json\/wp\/v2\/media\/3234"}],"wp:attachment":[{"href":"https:\/\/www.radiomarket.fi\/en\/wp-json\/wp\/v2\/media?parent=24503"}],"curies":[{"name":"wp","href":"https:\/\/api.w.org\/{rel}","templated":true}]}}