{"id":24504,"date":"2020-10-05T11:42:25","date_gmt":"2020-10-05T08:42:25","guid":{"rendered":"https:\/\/www.radiomarket.fi\/tuote\/ekua1040-minerva-415-gw\/"},"modified":"2020-10-05T11:42:25","modified_gmt":"2020-10-05T08:42:25","slug":"ekua1040-minerva-415-gw","status":"publish","type":"product","link":"https:\/\/www.radiomarket.fi\/en\/kohde\/ekua1040-minerva-415-gw\/","title":{"rendered":"EKUA1040 Minerva 415 GW"},"content":{"rendered":"Melko siisti kotelo, mutta p\u00e4\u00e4ll\u00e4 j\u00e4lki\u00e4. Mukana muuntajaosa, takakansi ja kaiutinelementti. Nupit, asteikko ja koneisto puuttuu.","protected":false},"excerpt":{"rendered":"<p>Melko siisti kotelo, mutta p\u00e4\u00e4ll\u00e4 j\u00e4lki\u00e4. Mukana muuntajaosa, takakansi ja kaiutinelementti. Nupit, asteikko ja koneisto puuttuu.<\/p>","protected":false},"featured_media":3229,"template":"","meta":[],"_links":{"self":[{"href":"https:\/\/www.radiomarket.fi\/en\/wp-json\/wp\/v2\/product\/24504"}],"collection":[{"href":"https:\/\/www.radiomarket.fi\/en\/wp-json\/wp\/v2\/product"}],"about":[{"href":"https:\/\/www.radiomarket.fi\/en\/wp-json\/wp\/v2\/types\/product"}],"wp:featuredmedia":[{"embeddable":true,"href":"https:\/\/www.radiomarket.fi\/en\/wp-json\/wp\/v2\/media\/3229"}],"wp:attachment":[{"href":"https:\/\/www.radiomarket.fi\/en\/wp-json\/wp\/v2\/media?parent=24504"}],"curies":[{"name":"wp","href":"https:\/\/api.w.org\/{rel}","templated":true}]}}