{"id":24511,"date":"2020-10-05T11:42:29","date_gmt":"2020-10-05T08:42:29","guid":{"rendered":"https:\/\/www.radiomarket.fi\/tuote\/ekua1033-celeston-cadet\/"},"modified":"2021-07-14T14:44:25","modified_gmt":"2021-07-14T11:44:25","slug":"ekua1033-celeston-cadet","status":"publish","type":"product","link":"https:\/\/www.radiomarket.fi\/en\/kohde\/ekua1033-celeston-cadet\/","title":{"rendered":"EKUA1033 Celeston Cadet"},"content":{"rendered":"<p>Kotelo sama kuin Helvar Minuettossa. J\u00e4ljell\u00e4 Celeston-merkki, siisti kangas, p\u00e4\u00e4tykaiuttimet, Peerless etukaiutinelementti, p\u00e4\u00e4tyritil\u00e4t, asteikon kiinnikkeet, pohjaruuvit. Asteikkolasi, nupit ja painonapit purettu. Ei koneistoa.<\/p>","protected":false},"excerpt":{"rendered":"<p>Kotelo sama kuin Helvar Minuettossa. J\u00e4ljell\u00e4 Celeston-merkki, siisti kangas, p\u00e4\u00e4tykaiuttimet, Peerless etukaiutinelementti, p\u00e4\u00e4tyritil\u00e4t, asteikon kiinnikkeet, pohjaruuvit. Asteikkolasi, nupit ja painonapit purettu. Ei koneistoa.<\/p>","protected":false},"featured_media":3213,"template":"","meta":[],"_links":{"self":[{"href":"https:\/\/www.radiomarket.fi\/en\/wp-json\/wp\/v2\/product\/24511"}],"collection":[{"href":"https:\/\/www.radiomarket.fi\/en\/wp-json\/wp\/v2\/product"}],"about":[{"href":"https:\/\/www.radiomarket.fi\/en\/wp-json\/wp\/v2\/types\/product"}],"wp:featuredmedia":[{"embeddable":true,"href":"https:\/\/www.radiomarket.fi\/en\/wp-json\/wp\/v2\/media\/3213"}],"wp:attachment":[{"href":"https:\/\/www.radiomarket.fi\/en\/wp-json\/wp\/v2\/media?parent=24511"}],"curies":[{"name":"wp","href":"https:\/\/api.w.org\/{rel}","templated":true}]}}