{"id":24516,"date":"2020-10-05T11:42:31","date_gmt":"2020-10-05T08:42:31","guid":{"rendered":"https:\/\/www.radiomarket.fi\/tuote\/ekua1027-helvar-putkiradio\/"},"modified":"2020-10-05T11:42:31","modified_gmt":"2020-10-05T08:42:31","slug":"ekua1027-helvar-putkiradio","status":"publish","type":"product","link":"https:\/\/www.radiomarket.fi\/en\/kohde\/ekua1027-helvar-putkiradio\/","title":{"rendered":"EKUA1027 Helvar Putkiradio"},"content":{"rendered":"Kotelo huono. Osia j\u00e4ljell\u00e4 kangas, ehj\u00e4 valkoinen muovikehikko, Helvar-merkki. Osien hinnalla. Sopivuus Ultra ym aikakauden koneet.","protected":false},"excerpt":{"rendered":"<p>Kotelo huono. Osia j\u00e4ljell\u00e4 kangas, ehj\u00e4 valkoinen muovikehikko, Helvar-merkki. Osien hinnalla. Sopivuus Ultra ym aikakauden koneet.<\/p>","protected":false},"featured_media":3669,"template":"","meta":[],"_links":{"self":[{"href":"https:\/\/www.radiomarket.fi\/en\/wp-json\/wp\/v2\/product\/24516"}],"collection":[{"href":"https:\/\/www.radiomarket.fi\/en\/wp-json\/wp\/v2\/product"}],"about":[{"href":"https:\/\/www.radiomarket.fi\/en\/wp-json\/wp\/v2\/types\/product"}],"wp:featuredmedia":[{"embeddable":true,"href":"https:\/\/www.radiomarket.fi\/en\/wp-json\/wp\/v2\/media\/3669"}],"wp:attachment":[{"href":"https:\/\/www.radiomarket.fi\/en\/wp-json\/wp\/v2\/media?parent=24516"}],"curies":[{"name":"wp","href":"https:\/\/api.w.org\/{rel}","templated":true}]}}